{"id":2084,"date":"2019-11-11T13:26:10","date_gmt":"2019-11-11T12:26:10","guid":{"rendered":"https:\/\/www.wow-show.com\/contact\/"},"modified":"2024-07-22T12:06:54","modified_gmt":"2024-07-22T10:06:54","slug":"contact","status":"publish","type":"page","link":"https:\/\/www.wow-show.com\/pt-br\/contact\/","title":{"rendered":"Contact"},"content":{"rendered":"<div class=\"wpb-content-wrapper\"><p>[vc_row gap=&#8221;15&#8243; el_class=&#8221;mytitle&#8221;][vc_column width=&#8221;2\/3&#8243;][vc_column_text]<\/p>\n<h2>Theatre address<\/h2>\n<p>Theatre Broadway<br \/>\nNa P\u0159\u00edkop\u011b 31, Praha 1<br \/>\nCzech Republic<\/p>\n<p>Theatre Broadway is located in the Broadway passage which connects Na P\u0159\u00edkop\u011b (31) street and Celetn\u00e1 (38) street.<br \/>\nEntrance both from Na P\u0159\u00edkop\u011b and Celetn\u00e1 street.<\/p>\n<p>The nearest metro\/subway station is N\u00e1m\u011bst\u00ed Republiky (yellow line B) or M\u016fstek (green\/yellow line A\/B).[\/vc_column_text][vc_gmaps link=&#8221;#E-8_JTNDaWZyYW1lJTIwc3JjJTNEJTIyaHR0cHMlM0ElMkYlMkZ3d3cuZ29vZ2xlLmNvbSUyRm1hcHMlMkZlbWJlZCUzRnBiJTNEJTIxMW0xOCUyMTFtMTIlMjExbTMlMjExZDI1NTkuOTg0MTU1MjU5OTA2NCUyMTJkMTQuNDI0NzMwMDE1NTE5ODA0JTIxM2Q1MC4wODY1ODM1MjEzOTczMiUyMTJtMyUyMTFmMCUyMTJmMCUyMTNmMCUyMTNtMiUyMTFpMTAyNCUyMTJpNzY4JTIxNGYxMy4xJTIxM20zJTIxMW0yJTIxMXMweDQ3MGI5NDkyOWVmODgyNDclMjUzQTB4MTJmOWI5ZDQwZTMwZDkzMSUyMTJzV09XJTI1MjAtJTI1MjBCbGFjayUyNTIwTGlnaHQlMjUyMFRoZWF0ZXIlMjE1ZTAlMjEzbTIlMjExc2NzJTIxMnNjeiUyMTR2MTU3OTI3OTkwNzgwNSUyMTVtMiUyMTFzY3MlMjEyc2N6JTIyJTIwd2lkdGglM0QlMjI2MDAlMjIlMjBoZWlnaHQlM0QlMjI0NTAlMjIlMjBmcmFtZWJvcmRlciUzRCUyMjAlMjIlMjBzdHlsZSUzRCUyMmJvcmRlciUzQTAlM0IlMjIlMjBhbGxvd2Z1bGxzY3JlZW4lM0QlMjIlMjIlM0UlM0MlMkZpZnJhbWUlM0U=&#8221; size=&#8221;385&#8243;][\/vc_column][vc_column width=&#8221;1\/3&#8243;][vc_column_text]<\/p>\n<h3>Box office<\/h3>\n<p>+ 420 777 061 623<br \/>\n+ 420 225 113 194<\/p>\n<h3>Opening hours<\/h3>\n<p>Monday \u2013 Sunday<br \/>\nsince 12:00 p.m. &#8211; until start of the show (20:00 or 21:30 &#8211; info available in programme)<\/p>\n<h3>Production office<\/h3>\n<p>+ 420 225 113 115<br \/>\n+ 420 777 822 572<br \/>\ne-mail: <a href=\"mailto:info@wow-show.com\">info@wow-show.com<\/a><\/p>\n<h3>Company details<\/h3>\n<p>WOW projects s.r.o.<br \/>\nKorunn\u00ed 810\/104<br \/>\n101 00 Praha 10<br \/>\nCzech Republic<\/p>\n<p>I\u010cO: 27078035<br \/>\nDI\u010c: CZ27078035<br \/>\nSpisov\u00e1 zna\u010dka C 94602 veden\u00e1 u M\u011bstsk\u00e9ho soudu v Praze[\/vc_column_text][\/vc_column][vc_column][vc_raw_html]JTNDZGl2JTIwY2xhc3MlM0QlMjJwaWMtdGFicyUyMiUzRSUzQ3NwYW4lMjB0YXJnJTNEJTIydGFiLW1haW4lMjIlMjBjbGFzcyUzRCUyMmFjdC10YWIlMjIlMjAlM0VNYWluJTIwRW50cmFuY2UlM0MlMkZzcGFuJTNFJTNDc3BhbiUyMHRhcmclM0QlMjJ0YWItYmFjayUyMiUzRUJhY2slMjBFbnRyYW5jZSUzQyUyRnNwYW4lM0UlM0NzcGFuJTIwdGFyZyUzRCUyMnRhYi10aWNrZXRzJTIyJTNFVGlja2V0JTIwYm94JTNDJTJGc3BhbiUzRSUzQyUyRmRpdiUzRQ==[\/vc_raw_html][vc_single_image image=&#8221;254&#8243; img_size=&#8221;full&#8221; add_caption=&#8221;yes&#8221; alignment=&#8221;center&#8221; onclick=&#8221;link_image&#8221; image_hovers=&#8221;false&#8221; el_class=&#8221;tab-main act-pic&#8221;][vc_single_image image=&#8221;253&#8243; img_size=&#8221;full&#8221; add_caption=&#8221;yes&#8221; alignment=&#8221;center&#8221; onclick=&#8221;link_image&#8221; image_hovers=&#8221;false&#8221; el_class=&#8221;tab-back&#8221;][vc_single_image image=&#8221;255&#8243; img_size=&#8221;full&#8221; add_caption=&#8221;yes&#8221; alignment=&#8221;center&#8221; onclick=&#8221;link_image&#8221; image_hovers=&#8221;false&#8221; el_class=&#8221;tab-tickets&#8221;][\/vc_column][\/vc_row]<\/p>\n<\/div>","protected":false},"excerpt":{"rendered":"<p>[vc_row gap=&#8221;15&#8243; el_class=&#8221;mytitle&#8221;][vc_column width=&#8221;2\/3&#8243;][vc_column_text] Theatre address Theatre Broadway Na P\u0159\u00edkop\u011b 31, Praha 1 Czech Republic Theatre Broadway is located in the Broadway passage which connects Na P\u0159\u00edkop\u011b (31) street and Celetn\u00e1 (38) street. Entrance both from Na P\u0159\u00edkop\u011b and Celetn\u00e1 street. The nearest metro\/subway station is N\u00e1m\u011bst\u00ed Republiky (yellow line B) or M\u016fstek (green\/yellow line&hellip;<\/p>\n","protected":false},"author":4,"featured_media":0,"parent":0,"menu_order":12,"comment_status":"closed","ping_status":"closed","template":"","meta":{"_acf_changed":false,"footnotes":""},"class_list":["post-2084","page","type-page","status-publish","hentry","description-off"],"acf":[],"yoast_head":"<!-- This site is optimized with the Yoast SEO Premium plugin v25.6 (Yoast SEO v25.6) - https:\/\/yoast.com\/wordpress\/plugins\/seo\/ -->\n<title>Contact | WOW show<\/title>\n<meta name=\"robots\" content=\"index, follow, max-snippet:-1, max-image-preview:large, max-video-preview:-1\" \/>\n<link rel=\"canonical\" href=\"https:\/\/www.wow-show.com\/pt-br\/contact\/\" \/>\n<meta property=\"og:locale\" content=\"pt_BR\" \/>\n<meta property=\"og:type\" content=\"article\" \/>\n<meta property=\"og:title\" content=\"Contact\" \/>\n<meta property=\"og:description\" content=\"[vc_row gap=&#8221;15&#8243; el_class=&#8221;mytitle&#8221;][vc_column width=&#8221;2\/3&#8243;][vc_column_text] Theatre address Theatre Broadway Na P\u0159\u00edkop\u011b 31, Praha 1 Czech Republic Theatre Broadway is located in the Broadway passage which connects Na P\u0159\u00edkop\u011b (31) street and Celetn\u00e1 (38) street. Entrance both from Na P\u0159\u00edkop\u011b and Celetn\u00e1 street. The nearest metro\/subway station is N\u00e1m\u011bst\u00ed Republiky (yellow line B) or M\u016fstek (green\/yellow line&hellip;\" \/>\n<meta property=\"og:url\" content=\"https:\/\/www.wow-show.com\/pt-br\/contact\/\" \/>\n<meta property=\"og:site_name\" content=\"WOW show\" \/>\n<meta property=\"article:publisher\" content=\"https:\/\/www.facebook.com\/wowshowprague\" \/>\n<meta property=\"article:modified_time\" content=\"2024-07-22T10:06:54+00:00\" \/>\n<meta name=\"twitter:card\" content=\"summary_large_image\" \/>\n<meta name=\"twitter:label1\" content=\"Est. tempo de leitura\" \/>\n\t<meta name=\"twitter:data1\" content=\"2 minutos\" \/>\n<script type=\"application\/ld+json\" class=\"yoast-schema-graph\">{\"@context\":\"https:\/\/schema.org\",\"@graph\":[{\"@type\":\"WebPage\",\"@id\":\"https:\/\/www.wow-show.com\/pt-br\/contact\/\",\"url\":\"https:\/\/www.wow-show.com\/pt-br\/contact\/\",\"name\":\"Contact | WOW show\",\"isPartOf\":{\"@id\":\"https:\/\/www.wow-show.com\/cs\/#website\"},\"datePublished\":\"2019-11-11T12:26:10+00:00\",\"dateModified\":\"2024-07-22T10:06:54+00:00\",\"breadcrumb\":{\"@id\":\"https:\/\/www.wow-show.com\/pt-br\/contact\/#breadcrumb\"},\"inLanguage\":\"pt-BR\",\"potentialAction\":[{\"@type\":\"ReadAction\",\"target\":[\"https:\/\/www.wow-show.com\/pt-br\/contact\/\"]}]},{\"@type\":\"BreadcrumbList\",\"@id\":\"https:\/\/www.wow-show.com\/pt-br\/contact\/#breadcrumb\",\"itemListElement\":[{\"@type\":\"ListItem\",\"position\":1,\"name\":\"Home\",\"item\":\"https:\/\/www.wow-show.com\/pt-br\/\"},{\"@type\":\"ListItem\",\"position\":2,\"name\":\"Contact\"}]},{\"@type\":\"WebSite\",\"@id\":\"https:\/\/www.wow-show.com\/cs\/#website\",\"url\":\"https:\/\/www.wow-show.com\/cs\/\",\"name\":\"WOW show\",\"description\":\"The best interactive show in Prague\",\"publisher\":{\"@id\":\"https:\/\/www.wow-show.com\/cs\/#\/schema\/person\/8748b86dc138b33cde9e87c488463a5b\"},\"potentialAction\":[{\"@type\":\"SearchAction\",\"target\":{\"@type\":\"EntryPoint\",\"urlTemplate\":\"https:\/\/www.wow-show.com\/cs\/?s={search_term_string}\"},\"query-input\":{\"@type\":\"PropertyValueSpecification\",\"valueRequired\":true,\"valueName\":\"search_term_string\"}}],\"inLanguage\":\"pt-BR\"},{\"@type\":[\"Person\",\"Organization\"],\"@id\":\"https:\/\/www.wow-show.com\/cs\/#\/schema\/person\/8748b86dc138b33cde9e87c488463a5b\",\"name\":\"hanka\",\"image\":{\"@type\":\"ImageObject\",\"inLanguage\":\"pt-BR\",\"@id\":\"https:\/\/www.wow-show.com\/cs\/#\/schema\/person\/image\/\",\"url\":\"https:\/\/www.wow-show.com\/wp-content\/uploads\/logo.png\",\"contentUrl\":\"https:\/\/www.wow-show.com\/wp-content\/uploads\/logo.png\",\"width\":250,\"height\":105,\"caption\":\"hanka\"},\"logo\":{\"@id\":\"https:\/\/www.wow-show.com\/cs\/#\/schema\/person\/image\/\"},\"sameAs\":[\"https:\/\/www.wow-show.com\/\",\"https:\/\/www.facebook.com\/wowshowprague\",\"https:\/\/www.instagram.com\/wowshowprague\/\"]}]}<\/script>\n<!-- \/ Yoast SEO Premium plugin. -->","yoast_head_json":{"title":"Contact | WOW show","robots":{"index":"index","follow":"follow","max-snippet":"max-snippet:-1","max-image-preview":"max-image-preview:large","max-video-preview":"max-video-preview:-1"},"canonical":"https:\/\/www.wow-show.com\/pt-br\/contact\/","og_locale":"pt_BR","og_type":"article","og_title":"Contact","og_description":"[vc_row gap=&#8221;15&#8243; el_class=&#8221;mytitle&#8221;][vc_column width=&#8221;2\/3&#8243;][vc_column_text] Theatre address Theatre Broadway Na P\u0159\u00edkop\u011b 31, Praha 1 Czech Republic Theatre Broadway is located in the Broadway passage which connects Na P\u0159\u00edkop\u011b (31) street and Celetn\u00e1 (38) street. Entrance both from Na P\u0159\u00edkop\u011b and Celetn\u00e1 street. The nearest metro\/subway station is N\u00e1m\u011bst\u00ed Republiky (yellow line B) or M\u016fstek (green\/yellow line&hellip;","og_url":"https:\/\/www.wow-show.com\/pt-br\/contact\/","og_site_name":"WOW show","article_publisher":"https:\/\/www.facebook.com\/wowshowprague","article_modified_time":"2024-07-22T10:06:54+00:00","twitter_card":"summary_large_image","twitter_misc":{"Est. tempo de leitura":"2 minutos"},"schema":{"@context":"https:\/\/schema.org","@graph":[{"@type":"WebPage","@id":"https:\/\/www.wow-show.com\/pt-br\/contact\/","url":"https:\/\/www.wow-show.com\/pt-br\/contact\/","name":"Contact | WOW show","isPartOf":{"@id":"https:\/\/www.wow-show.com\/cs\/#website"},"datePublished":"2019-11-11T12:26:10+00:00","dateModified":"2024-07-22T10:06:54+00:00","breadcrumb":{"@id":"https:\/\/www.wow-show.com\/pt-br\/contact\/#breadcrumb"},"inLanguage":"pt-BR","potentialAction":[{"@type":"ReadAction","target":["https:\/\/www.wow-show.com\/pt-br\/contact\/"]}]},{"@type":"BreadcrumbList","@id":"https:\/\/www.wow-show.com\/pt-br\/contact\/#breadcrumb","itemListElement":[{"@type":"ListItem","position":1,"name":"Home","item":"https:\/\/www.wow-show.com\/pt-br\/"},{"@type":"ListItem","position":2,"name":"Contact"}]},{"@type":"WebSite","@id":"https:\/\/www.wow-show.com\/cs\/#website","url":"https:\/\/www.wow-show.com\/cs\/","name":"WOW show","description":"The best interactive show in Prague","publisher":{"@id":"https:\/\/www.wow-show.com\/cs\/#\/schema\/person\/8748b86dc138b33cde9e87c488463a5b"},"potentialAction":[{"@type":"SearchAction","target":{"@type":"EntryPoint","urlTemplate":"https:\/\/www.wow-show.com\/cs\/?s={search_term_string}"},"query-input":{"@type":"PropertyValueSpecification","valueRequired":true,"valueName":"search_term_string"}}],"inLanguage":"pt-BR"},{"@type":["Person","Organization"],"@id":"https:\/\/www.wow-show.com\/cs\/#\/schema\/person\/8748b86dc138b33cde9e87c488463a5b","name":"hanka","image":{"@type":"ImageObject","inLanguage":"pt-BR","@id":"https:\/\/www.wow-show.com\/cs\/#\/schema\/person\/image\/","url":"https:\/\/www.wow-show.com\/wp-content\/uploads\/logo.png","contentUrl":"https:\/\/www.wow-show.com\/wp-content\/uploads\/logo.png","width":250,"height":105,"caption":"hanka"},"logo":{"@id":"https:\/\/www.wow-show.com\/cs\/#\/schema\/person\/image\/"},"sameAs":["https:\/\/www.wow-show.com\/","https:\/\/www.facebook.com\/wowshowprague","https:\/\/www.instagram.com\/wowshowprague\/"]}]}},"_links":{"self":[{"href":"https:\/\/www.wow-show.com\/pt-br\/wp-json\/wp\/v2\/pages\/2084"}],"collection":[{"href":"https:\/\/www.wow-show.com\/pt-br\/wp-json\/wp\/v2\/pages"}],"about":[{"href":"https:\/\/www.wow-show.com\/pt-br\/wp-json\/wp\/v2\/types\/page"}],"author":[{"embeddable":true,"href":"https:\/\/www.wow-show.com\/pt-br\/wp-json\/wp\/v2\/users\/4"}],"replies":[{"embeddable":true,"href":"https:\/\/www.wow-show.com\/pt-br\/wp-json\/wp\/v2\/comments?post=2084"}],"version-history":[{"count":4,"href":"https:\/\/www.wow-show.com\/pt-br\/wp-json\/wp\/v2\/pages\/2084\/revisions"}],"predecessor-version":[{"id":4339,"href":"https:\/\/www.wow-show.com\/pt-br\/wp-json\/wp\/v2\/pages\/2084\/revisions\/4339"}],"wp:attachment":[{"href":"https:\/\/www.wow-show.com\/pt-br\/wp-json\/wp\/v2\/media?parent=2084"}],"curies":[{"name":"wp","href":"https:\/\/api.w.org\/{rel}","templated":true}]}}