{"id":2099,"date":"2019-11-11T13:21:33","date_gmt":"2019-11-11T12:21:33","guid":{"rendered":"https:\/\/www.wow-show.com\/theatre-secret\/"},"modified":"2020-01-15T23:24:01","modified_gmt":"2020-01-15T22:24:01","slug":"theatre-secret","status":"publish","type":"page","link":"https:\/\/www.wow-show.com\/pl\/the-story-of-wow\/theatre-secret\/","title":{"rendered":"Tajemnica czarnego teatru"},"content":{"rendered":"<div class=\"wpb-content-wrapper\"><p>[vc_row gap=&#8221;15&#8243;][vc_column el_class=&#8221;mytitle&#8221;][vc_column_text]Iluzja optyczna[\/vc_column_text][\/vc_column][vc_column width=&#8221;2\/3&#8243;][vc_column_text]Czarny teatr posiada niepowtarzalny urok. Jego magiczna atrakcyjno\u015b\u0107 jest od czas\u00f3w powstania w staro\u017cytnych Chinach oparta na prostej i mrocznej tajemnicy, kt\u00f3r\u0105 s\u0105 &#8211; ciemno\u015bci.<br \/>\nAktorzy s\u0105 ubrani w ciemne kostiumy, zak\u0142adaj\u0105 czarne r\u0119kawiczki i czarne maski, w kt\u00f3rych s\u0105 otwory tylko dla oczu. Ci \u201eciemni ludzie\u201c to niewidoczne dla oka widza postaci, kt\u00f3re umo\u017cliwiaj\u0105 w zasadzie wszelki ruch na scenie.<br \/>\nSetki metr\u00f3w czarnego materia\u0142u, znajduj\u0105ce si\u0119 za ka\u017cd\u0105 z ciemnych postaci, oraz \u015bwiat\u0142o fluoreskuj\u0105ce, kt\u00f3re uwyra\u017ania tylko przedmioty pomalowane fluorescencyjnym kolorem, tworz\u0105 budulec udanej iluzji optycznej przedstawienia czarnego teatru.<br \/>\nCzarna skrzynka<br \/>\nCiemni ludzie na scenie widz\u0105 wszystko, ale b\u0119d\u0105c otoczeni ciemno\u015bciami pozostaj\u0105 niewidzialni. Aktorzy poruszaj\u0105 obiektami, pomalowanymi fluorescencyjnym kolorem w taki spos\u00f3b, \u017ce si\u0119 wydaje, jakby te przedmioty unosi\u0142y si\u0119 w powietrzu. Dzi\u0119ki temu potrafi tancerka, pomalowana fluorescencyjnym kolorem lata\u0107 i unosi\u0107 si\u0119 nad ziemi\u0105 &#8211; w powietrzu trzyma j\u0105 na czarno ubrany m\u0119\u017cczyzna &#8211; aktor, kt\u00f3rego jednak widzowie nie zobacz\u0105.<br \/>\nAby sztuczka zadzia\u0142a\u0142a, ca\u0142a sala teatralna powinna uton\u0105\u0107 w mroku i ciemna powinna pozosta\u0107 przez ca\u0142y czas trwania spektaklu. Scena i widownia w ciemno\u015bciach, kt\u00f3re nie mo\u017ce przebi\u0107 \u017caden strumie\u0144 \u015bwiat\u0142a. Oto owa cudowna \u201eczarna skrzynka\u201c, kt\u00f3rej czarny teatr zawdzi\u0119cza swojej nazwy.<br \/>\nPrzedstawienie WOW polega na urokowi ciemno\u015bci. Chodzi o mocny a jednocze\u015bnie kruchy czar &#8211; nawet najs\u0142abszy promyk \u015bwiat\u0142a ma t\u0119 moc od razu odkry\u0107 tajemnic\u0119.[\/vc_column_text][\/vc_column][vc_column width=&#8221;1\/3&#8243;][vc_wp_custommenu nav_menu=&#8221;4&#8243;][vc_single_image image=&#8221;153&#8243; img_size=&#8221;full&#8221;][\/vc_column][\/vc_row]<\/p>\n<\/div>","protected":false},"excerpt":{"rendered":"<p>[vc_row gap=&#8221;15&#8243;][vc_column el_class=&#8221;mytitle&#8221;][vc_column_text]Iluzja optyczna[\/vc_column_text][\/vc_column][vc_column width=&#8221;2\/3&#8243;][vc_column_text]Czarny teatr posiada niepowtarzalny urok. Jego magiczna atrakcyjno\u015b\u0107 jest od czas\u00f3w powstania w staro\u017cytnych Chinach oparta na prostej i mrocznej tajemnicy, kt\u00f3r\u0105 s\u0105 &#8211; ciemno\u015bci. Aktorzy s\u0105 ubrani w ciemne kostiumy, zak\u0142adaj\u0105 czarne r\u0119kawiczki i czarne maski, w kt\u00f3rych s\u0105 otwory tylko dla oczu. Ci \u201eciemni ludzie\u201c to niewidoczne dla oka&hellip;<\/p>\n","protected":false},"author":4,"featured_media":0,"parent":2107,"menu_order":4,"comment_status":"closed","ping_status":"closed","template":"","meta":{"_acf_changed":false,"footnotes":""},"class_list":["post-2099","page","type-page","status-publish","hentry","description-off"],"acf":[],"yoast_head":"<!-- This site is optimized with the Yoast SEO Premium plugin v25.6 (Yoast SEO v25.6) - https:\/\/yoast.com\/wordpress\/plugins\/seo\/ -->\n<title>Tajemnica czarnego teatru | WOW show<\/title>\n<meta name=\"robots\" content=\"index, follow, max-snippet:-1, max-image-preview:large, max-video-preview:-1\" \/>\n<link rel=\"canonical\" href=\"https:\/\/www.wow-show.com\/pl\/the-story-of-wow\/theatre-secret\/\" \/>\n<meta property=\"og:locale\" content=\"pl_PL\" \/>\n<meta property=\"og:type\" content=\"article\" \/>\n<meta property=\"og:title\" content=\"Tajemnica czarnego teatru\" \/>\n<meta property=\"og:description\" content=\"[vc_row gap=&#8221;15&#8243;][vc_column el_class=&#8221;mytitle&#8221;][vc_column_text]Iluzja optyczna[\/vc_column_text][\/vc_column][vc_column width=&#8221;2\/3&#8243;][vc_column_text]Czarny teatr posiada niepowtarzalny urok. Jego magiczna atrakcyjno\u015b\u0107 jest od czas\u00f3w powstania w staro\u017cytnych Chinach oparta na prostej i mrocznej tajemnicy, kt\u00f3r\u0105 s\u0105 &#8211; ciemno\u015bci. Aktorzy s\u0105 ubrani w ciemne kostiumy, zak\u0142adaj\u0105 czarne r\u0119kawiczki i czarne maski, w kt\u00f3rych s\u0105 otwory tylko dla oczu. Ci \u201eciemni ludzie\u201c to niewidoczne dla oka&hellip;\" \/>\n<meta property=\"og:url\" content=\"https:\/\/www.wow-show.com\/pl\/the-story-of-wow\/theatre-secret\/\" \/>\n<meta property=\"og:site_name\" content=\"WOW show\" \/>\n<meta property=\"article:publisher\" content=\"https:\/\/www.facebook.com\/wowshowprague\" \/>\n<meta property=\"article:modified_time\" content=\"2020-01-15T22:24:01+00:00\" \/>\n<meta name=\"twitter:card\" content=\"summary_large_image\" \/>\n<meta name=\"twitter:label1\" content=\"Szacowany czas czytania\" \/>\n\t<meta name=\"twitter:data1\" content=\"2 minuty\" \/>\n<script type=\"application\/ld+json\" class=\"yoast-schema-graph\">{\"@context\":\"https:\/\/schema.org\",\"@graph\":[{\"@type\":\"WebPage\",\"@id\":\"https:\/\/www.wow-show.com\/pl\/the-story-of-wow\/theatre-secret\/\",\"url\":\"https:\/\/www.wow-show.com\/pl\/the-story-of-wow\/theatre-secret\/\",\"name\":\"Tajemnica czarnego teatru | WOW show\",\"isPartOf\":{\"@id\":\"https:\/\/www.wow-show.com\/cs\/#website\"},\"datePublished\":\"2019-11-11T12:21:33+00:00\",\"dateModified\":\"2020-01-15T22:24:01+00:00\",\"breadcrumb\":{\"@id\":\"https:\/\/www.wow-show.com\/pl\/the-story-of-wow\/theatre-secret\/#breadcrumb\"},\"inLanguage\":\"pl-PL\",\"potentialAction\":[{\"@type\":\"ReadAction\",\"target\":[\"https:\/\/www.wow-show.com\/pl\/the-story-of-wow\/theatre-secret\/\"]}]},{\"@type\":\"BreadcrumbList\",\"@id\":\"https:\/\/www.wow-show.com\/pl\/the-story-of-wow\/theatre-secret\/#breadcrumb\",\"itemListElement\":[{\"@type\":\"ListItem\",\"position\":1,\"name\":\"Home\",\"item\":\"https:\/\/www.wow-show.com\/pl\/\"},{\"@type\":\"ListItem\",\"position\":2,\"name\":\"Historia WOW\",\"item\":\"https:\/\/www.wow-show.com\/pl\/the-story-of-wow\/\"},{\"@type\":\"ListItem\",\"position\":3,\"name\":\"Tajemnica czarnego teatru\"}]},{\"@type\":\"WebSite\",\"@id\":\"https:\/\/www.wow-show.com\/cs\/#website\",\"url\":\"https:\/\/www.wow-show.com\/cs\/\",\"name\":\"WOW show\",\"description\":\"The best interactive show in Prague\",\"publisher\":{\"@id\":\"https:\/\/www.wow-show.com\/cs\/#\/schema\/person\/8748b86dc138b33cde9e87c488463a5b\"},\"potentialAction\":[{\"@type\":\"SearchAction\",\"target\":{\"@type\":\"EntryPoint\",\"urlTemplate\":\"https:\/\/www.wow-show.com\/cs\/?s={search_term_string}\"},\"query-input\":{\"@type\":\"PropertyValueSpecification\",\"valueRequired\":true,\"valueName\":\"search_term_string\"}}],\"inLanguage\":\"pl-PL\"},{\"@type\":[\"Person\",\"Organization\"],\"@id\":\"https:\/\/www.wow-show.com\/cs\/#\/schema\/person\/8748b86dc138b33cde9e87c488463a5b\",\"name\":\"hanka\",\"image\":{\"@type\":\"ImageObject\",\"inLanguage\":\"pl-PL\",\"@id\":\"https:\/\/www.wow-show.com\/cs\/#\/schema\/person\/image\/\",\"url\":\"https:\/\/www.wow-show.com\/wp-content\/uploads\/logo.png\",\"contentUrl\":\"https:\/\/www.wow-show.com\/wp-content\/uploads\/logo.png\",\"width\":250,\"height\":105,\"caption\":\"hanka\"},\"logo\":{\"@id\":\"https:\/\/www.wow-show.com\/cs\/#\/schema\/person\/image\/\"},\"sameAs\":[\"https:\/\/www.wow-show.com\/\",\"https:\/\/www.facebook.com\/wowshowprague\",\"https:\/\/www.instagram.com\/wowshowprague\/\"]}]}<\/script>\n<!-- \/ Yoast SEO Premium plugin. -->","yoast_head_json":{"title":"Tajemnica czarnego teatru | WOW show","robots":{"index":"index","follow":"follow","max-snippet":"max-snippet:-1","max-image-preview":"max-image-preview:large","max-video-preview":"max-video-preview:-1"},"canonical":"https:\/\/www.wow-show.com\/pl\/the-story-of-wow\/theatre-secret\/","og_locale":"pl_PL","og_type":"article","og_title":"Tajemnica czarnego teatru","og_description":"[vc_row gap=&#8221;15&#8243;][vc_column el_class=&#8221;mytitle&#8221;][vc_column_text]Iluzja optyczna[\/vc_column_text][\/vc_column][vc_column width=&#8221;2\/3&#8243;][vc_column_text]Czarny teatr posiada niepowtarzalny urok. Jego magiczna atrakcyjno\u015b\u0107 jest od czas\u00f3w powstania w staro\u017cytnych Chinach oparta na prostej i mrocznej tajemnicy, kt\u00f3r\u0105 s\u0105 &#8211; ciemno\u015bci. Aktorzy s\u0105 ubrani w ciemne kostiumy, zak\u0142adaj\u0105 czarne r\u0119kawiczki i czarne maski, w kt\u00f3rych s\u0105 otwory tylko dla oczu. Ci \u201eciemni ludzie\u201c to niewidoczne dla oka&hellip;","og_url":"https:\/\/www.wow-show.com\/pl\/the-story-of-wow\/theatre-secret\/","og_site_name":"WOW show","article_publisher":"https:\/\/www.facebook.com\/wowshowprague","article_modified_time":"2020-01-15T22:24:01+00:00","twitter_card":"summary_large_image","twitter_misc":{"Szacowany czas czytania":"2 minuty"},"schema":{"@context":"https:\/\/schema.org","@graph":[{"@type":"WebPage","@id":"https:\/\/www.wow-show.com\/pl\/the-story-of-wow\/theatre-secret\/","url":"https:\/\/www.wow-show.com\/pl\/the-story-of-wow\/theatre-secret\/","name":"Tajemnica czarnego teatru | WOW show","isPartOf":{"@id":"https:\/\/www.wow-show.com\/cs\/#website"},"datePublished":"2019-11-11T12:21:33+00:00","dateModified":"2020-01-15T22:24:01+00:00","breadcrumb":{"@id":"https:\/\/www.wow-show.com\/pl\/the-story-of-wow\/theatre-secret\/#breadcrumb"},"inLanguage":"pl-PL","potentialAction":[{"@type":"ReadAction","target":["https:\/\/www.wow-show.com\/pl\/the-story-of-wow\/theatre-secret\/"]}]},{"@type":"BreadcrumbList","@id":"https:\/\/www.wow-show.com\/pl\/the-story-of-wow\/theatre-secret\/#breadcrumb","itemListElement":[{"@type":"ListItem","position":1,"name":"Home","item":"https:\/\/www.wow-show.com\/pl\/"},{"@type":"ListItem","position":2,"name":"Historia WOW","item":"https:\/\/www.wow-show.com\/pl\/the-story-of-wow\/"},{"@type":"ListItem","position":3,"name":"Tajemnica czarnego teatru"}]},{"@type":"WebSite","@id":"https:\/\/www.wow-show.com\/cs\/#website","url":"https:\/\/www.wow-show.com\/cs\/","name":"WOW show","description":"The best interactive show in Prague","publisher":{"@id":"https:\/\/www.wow-show.com\/cs\/#\/schema\/person\/8748b86dc138b33cde9e87c488463a5b"},"potentialAction":[{"@type":"SearchAction","target":{"@type":"EntryPoint","urlTemplate":"https:\/\/www.wow-show.com\/cs\/?s={search_term_string}"},"query-input":{"@type":"PropertyValueSpecification","valueRequired":true,"valueName":"search_term_string"}}],"inLanguage":"pl-PL"},{"@type":["Person","Organization"],"@id":"https:\/\/www.wow-show.com\/cs\/#\/schema\/person\/8748b86dc138b33cde9e87c488463a5b","name":"hanka","image":{"@type":"ImageObject","inLanguage":"pl-PL","@id":"https:\/\/www.wow-show.com\/cs\/#\/schema\/person\/image\/","url":"https:\/\/www.wow-show.com\/wp-content\/uploads\/logo.png","contentUrl":"https:\/\/www.wow-show.com\/wp-content\/uploads\/logo.png","width":250,"height":105,"caption":"hanka"},"logo":{"@id":"https:\/\/www.wow-show.com\/cs\/#\/schema\/person\/image\/"},"sameAs":["https:\/\/www.wow-show.com\/","https:\/\/www.facebook.com\/wowshowprague","https:\/\/www.instagram.com\/wowshowprague\/"]}]}},"_links":{"self":[{"href":"https:\/\/www.wow-show.com\/pl\/wp-json\/wp\/v2\/pages\/2099"}],"collection":[{"href":"https:\/\/www.wow-show.com\/pl\/wp-json\/wp\/v2\/pages"}],"about":[{"href":"https:\/\/www.wow-show.com\/pl\/wp-json\/wp\/v2\/types\/page"}],"author":[{"embeddable":true,"href":"https:\/\/www.wow-show.com\/pl\/wp-json\/wp\/v2\/users\/4"}],"replies":[{"embeddable":true,"href":"https:\/\/www.wow-show.com\/pl\/wp-json\/wp\/v2\/comments?post=2099"}],"version-history":[{"count":3,"href":"https:\/\/www.wow-show.com\/pl\/wp-json\/wp\/v2\/pages\/2099\/revisions"}],"predecessor-version":[{"id":3193,"href":"https:\/\/www.wow-show.com\/pl\/wp-json\/wp\/v2\/pages\/2099\/revisions\/3193"}],"up":[{"embeddable":true,"href":"https:\/\/www.wow-show.com\/pl\/wp-json\/wp\/v2\/pages\/2107"}],"wp:attachment":[{"href":"https:\/\/www.wow-show.com\/pl\/wp-json\/wp\/v2\/media?parent=2099"}],"curies":[{"name":"wp","href":"https:\/\/api.w.org\/{rel}","templated":true}]}}