{"id":2027,"date":"2019-11-11T13:22:55","date_gmt":"2019-11-11T12:22:55","guid":{"rendered":"https:\/\/www.wow-show.com\/history\/"},"modified":"2020-01-16T22:48:05","modified_gmt":"2020-01-16T21:48:05","slug":"history","status":"publish","type":"page","link":"https:\/\/www.wow-show.com\/pl\/the-story-of-wow\/history\/","title":{"rendered":"Historia czarnego teatru"},"content":{"rendered":"<div class=\"wpb-content-wrapper\"><p>[vc_row gap=&#8221;15&#8243;][vc_column el_class=&#8221;mytitle&#8221;][vc_column_text]Historia czarnego teatru[\/vc_column_text][\/vc_column][vc_column width=&#8221;2\/3&#8243;][vc_column_text]Czarny teatr, tak samo jak szereg innych wa\u017cnych rzeczy, narodzi\u0142 si\u0119 w staro\u017cytnych Chinach. Pierwsze przedstawienia czarnego teatru powsta\u0142y dla zabawy cesarza, chodzi\u0142o w\u0142a\u015bciwie o gr\u0119 cieni &#8211; Chi\u0144czycy wykorzystywali \u015bwiat\u0142o \u015bwiec, przy kt\u00f3rych pomocy na bia\u0142ym p\u0142\u00f3tnie o\u017cywia\u0142 \u015bwiat cieni. Ten styl teatralny sta\u0142 si\u0119 popularny i w okolicach XVIII wieku trafi\u0142 do Japonii, gdzie znalaz\u0142 zastosowanie w tradycyjnym japo\u0144skim teatrze lalkowym \u201ebunraku\u201c.<br \/>\nTechniki nowoczesnego czarnego teatru wykorzystywano tak\u017ce w pocz\u0105tkach kinematografii, gdy techniki kinematograficzny by\u0142y jeszcze \u201ew pieluchach\u201c. Szereg artyst\u00f3w (w\u015br\u00f3d nich tak\u017ce George M\u00e9li\u00e9s) wykorzystywa\u0142a techniki czarnego teatru do materializacji pomys\u0142\u00f3w, rodz\u0105cych si\u0119 w ich wyobra\u017ani.<br \/>\nNowoczesny czarny teatr formowa\u0142 si\u0119 w latach pi\u0119\u0107dziesi\u0105tych XX wieku, przede wszystkim dzi\u0119ki inicjatywie francuskiego artysty awangardowego Georga Lafaya, cz\u0119sto zwanego ojcem czarnego teatru.<br \/>\nW tamtym czasie pojawi\u0142 si\u0119 nowy wynalazek &#8211; lampa nadfioletowa, kt\u00f3ra w latach sze\u015b\u0107dziesi\u0105tych i siedemdziesi\u0105tych, w czasach hippis\u00f3w, sta\u0142a si\u0119 wybrykiem mody dla m\u0142odych ludzi, poszukuj\u0105cych nowych kolor\u00f3w, b\u0119d\u0105cych symbolem wolno\u015bci.<br \/>\nW tym samym czasie w Pradze, w Czechos\u0142owacji, kszta\u0142towa\u0142 si\u0119 nowy, magiczny j\u0119zyk teatralny &#8211; nowy typ teatru, oferuj\u0105cy niespotykane jak dot\u0105d mo\u017cliwo\u015bci i barwy.<br \/>\nNowy typ teatru wymaga\u0142 bezwzgl\u0119dnej ciemno\u015bci, szerokiego zastosowania czarnych materia\u0142\u00f3w, czarnych \u015bcian oraz \u015bwiat\u0142a UV, kt\u00f3re oferowa\u0142o szerok\u0105 gam\u0119 kolor\u00f3w.<br \/>\nTajemnica czarnego teatru polega w \u015bwietle nadfioletowym, zwanym tak\u017ce \u201eczarne \u015bwiat\u0142o\u201c, oraz w zaciemnionych salach teatralnych, osnutych czarnym materia\u0142em. Niespotykana kombinacja nada\u0142a tej nietypowej dziedzinie teatru jej dzisiejsz\u0105 nazw\u0119: czarny teatr.<br \/>\nSporo os\u00f3b utrzymuje, \u017ce pocz\u0105tki tego gatunku sztuki spotykaj\u0105 si\u0119 w Czechos\u0142owacji w czasie z pocz\u0105tkami ery komunizmu. Ludzie w tych czasach korzystali z tego typu teatru i sceny teatralnej r\u00f3wnie\u017c do przekazywania sobie wa\u017cnych informacji dotycz\u0105cych obozu w\u0142adzy. Dla tego te specyficzne informacje protestacyjne nazywano czarnym teatrem.<br \/>\nW latach dziewi\u0119\u0107dziesi\u0105tych po \u201eAksamitnej rewolucji\u201c zacz\u0119li zasady czarnego teatru rozwija\u0107 i forsowa\u0107 tak\u017ce liczni czescy arty\u015bci. To w\u0142a\u015bnie oni przyczynili si\u0119 do popularyzacji tego teatru, og\u0142aszaj\u0105c Prag\u0119 stolic\u0105 czarnego teatru. Dla tego nie tylko w Pradze opowiadamy fantastyczn\u0105 histori\u0119, wykorzystuj\u0105c\u0105 fascynuj\u0105ce techniki nowoczesnego czarnego teatru.[\/vc_column_text][\/vc_column][vc_column width=&#8221;1\/3&#8243;][vc_wp_custommenu nav_menu=&#8221;4&#8243;][vc_single_image image=&#8221;153&#8243; img_size=&#8221;full&#8221;][\/vc_column][\/vc_row]<\/p>\n<\/div>","protected":false},"excerpt":{"rendered":"<p>[vc_row gap=&#8221;15&#8243;][vc_column el_class=&#8221;mytitle&#8221;][vc_column_text]Historia czarnego teatru[\/vc_column_text][\/vc_column][vc_column width=&#8221;2\/3&#8243;][vc_column_text]Czarny teatr, tak samo jak szereg innych wa\u017cnych rzeczy, narodzi\u0142 si\u0119 w staro\u017cytnych Chinach. Pierwsze przedstawienia czarnego teatru powsta\u0142y dla zabawy cesarza, chodzi\u0142o w\u0142a\u015bciwie o gr\u0119 cieni &#8211; Chi\u0144czycy wykorzystywali \u015bwiat\u0142o \u015bwiec, przy kt\u00f3rych pomocy na bia\u0142ym p\u0142\u00f3tnie o\u017cywia\u0142 \u015bwiat cieni. Ten styl teatralny sta\u0142 si\u0119 popularny i w okolicach&hellip;<\/p>\n","protected":false},"author":4,"featured_media":0,"parent":2107,"menu_order":5,"comment_status":"closed","ping_status":"closed","template":"","meta":{"_acf_changed":false,"footnotes":""},"class_list":["post-2027","page","type-page","status-publish","hentry","description-off"],"acf":[],"yoast_head":"<!-- This site is optimized with the Yoast SEO Premium plugin v25.6 (Yoast SEO v25.6) - https:\/\/yoast.com\/wordpress\/plugins\/seo\/ -->\n<title>Historia czarnego teatru | WOW show<\/title>\n<meta name=\"robots\" content=\"index, follow, max-snippet:-1, max-image-preview:large, max-video-preview:-1\" \/>\n<link rel=\"canonical\" href=\"https:\/\/www.wow-show.com\/pl\/the-story-of-wow\/history\/\" \/>\n<meta property=\"og:locale\" content=\"pl_PL\" \/>\n<meta property=\"og:type\" content=\"article\" \/>\n<meta property=\"og:title\" content=\"Historia czarnego teatru\" \/>\n<meta property=\"og:description\" content=\"[vc_row gap=&#8221;15&#8243;][vc_column el_class=&#8221;mytitle&#8221;][vc_column_text]Historia czarnego teatru[\/vc_column_text][\/vc_column][vc_column width=&#8221;2\/3&#8243;][vc_column_text]Czarny teatr, tak samo jak szereg innych wa\u017cnych rzeczy, narodzi\u0142 si\u0119 w staro\u017cytnych Chinach. Pierwsze przedstawienia czarnego teatru powsta\u0142y dla zabawy cesarza, chodzi\u0142o w\u0142a\u015bciwie o gr\u0119 cieni &#8211; Chi\u0144czycy wykorzystywali \u015bwiat\u0142o \u015bwiec, przy kt\u00f3rych pomocy na bia\u0142ym p\u0142\u00f3tnie o\u017cywia\u0142 \u015bwiat cieni. Ten styl teatralny sta\u0142 si\u0119 popularny i w okolicach&hellip;\" \/>\n<meta property=\"og:url\" content=\"https:\/\/www.wow-show.com\/pl\/the-story-of-wow\/history\/\" \/>\n<meta property=\"og:site_name\" content=\"WOW show\" \/>\n<meta property=\"article:publisher\" content=\"https:\/\/www.facebook.com\/wowshowprague\" \/>\n<meta property=\"article:modified_time\" content=\"2020-01-16T21:48:05+00:00\" \/>\n<meta name=\"twitter:card\" content=\"summary_large_image\" \/>\n<meta name=\"twitter:label1\" content=\"Szacowany czas czytania\" \/>\n\t<meta name=\"twitter:data1\" content=\"2 minuty\" \/>\n<script type=\"application\/ld+json\" class=\"yoast-schema-graph\">{\"@context\":\"https:\/\/schema.org\",\"@graph\":[{\"@type\":\"WebPage\",\"@id\":\"https:\/\/www.wow-show.com\/pl\/the-story-of-wow\/history\/\",\"url\":\"https:\/\/www.wow-show.com\/pl\/the-story-of-wow\/history\/\",\"name\":\"Historia czarnego teatru | WOW show\",\"isPartOf\":{\"@id\":\"https:\/\/www.wow-show.com\/cs\/#website\"},\"datePublished\":\"2019-11-11T12:22:55+00:00\",\"dateModified\":\"2020-01-16T21:48:05+00:00\",\"breadcrumb\":{\"@id\":\"https:\/\/www.wow-show.com\/pl\/the-story-of-wow\/history\/#breadcrumb\"},\"inLanguage\":\"pl-PL\",\"potentialAction\":[{\"@type\":\"ReadAction\",\"target\":[\"https:\/\/www.wow-show.com\/pl\/the-story-of-wow\/history\/\"]}]},{\"@type\":\"BreadcrumbList\",\"@id\":\"https:\/\/www.wow-show.com\/pl\/the-story-of-wow\/history\/#breadcrumb\",\"itemListElement\":[{\"@type\":\"ListItem\",\"position\":1,\"name\":\"Home\",\"item\":\"https:\/\/www.wow-show.com\/pl\/\"},{\"@type\":\"ListItem\",\"position\":2,\"name\":\"Historia WOW\",\"item\":\"https:\/\/www.wow-show.com\/pl\/the-story-of-wow\/\"},{\"@type\":\"ListItem\",\"position\":3,\"name\":\"Historia czarnego teatru\"}]},{\"@type\":\"WebSite\",\"@id\":\"https:\/\/www.wow-show.com\/cs\/#website\",\"url\":\"https:\/\/www.wow-show.com\/cs\/\",\"name\":\"WOW show\",\"description\":\"The best interactive show in Prague\",\"publisher\":{\"@id\":\"https:\/\/www.wow-show.com\/cs\/#\/schema\/person\/8748b86dc138b33cde9e87c488463a5b\"},\"potentialAction\":[{\"@type\":\"SearchAction\",\"target\":{\"@type\":\"EntryPoint\",\"urlTemplate\":\"https:\/\/www.wow-show.com\/cs\/?s={search_term_string}\"},\"query-input\":{\"@type\":\"PropertyValueSpecification\",\"valueRequired\":true,\"valueName\":\"search_term_string\"}}],\"inLanguage\":\"pl-PL\"},{\"@type\":[\"Person\",\"Organization\"],\"@id\":\"https:\/\/www.wow-show.com\/cs\/#\/schema\/person\/8748b86dc138b33cde9e87c488463a5b\",\"name\":\"hanka\",\"image\":{\"@type\":\"ImageObject\",\"inLanguage\":\"pl-PL\",\"@id\":\"https:\/\/www.wow-show.com\/cs\/#\/schema\/person\/image\/\",\"url\":\"https:\/\/www.wow-show.com\/wp-content\/uploads\/logo.png\",\"contentUrl\":\"https:\/\/www.wow-show.com\/wp-content\/uploads\/logo.png\",\"width\":250,\"height\":105,\"caption\":\"hanka\"},\"logo\":{\"@id\":\"https:\/\/www.wow-show.com\/cs\/#\/schema\/person\/image\/\"},\"sameAs\":[\"https:\/\/www.wow-show.com\/\",\"https:\/\/www.facebook.com\/wowshowprague\",\"https:\/\/www.instagram.com\/wowshowprague\/\"]}]}<\/script>\n<!-- \/ Yoast SEO Premium plugin. -->","yoast_head_json":{"title":"Historia czarnego teatru | WOW show","robots":{"index":"index","follow":"follow","max-snippet":"max-snippet:-1","max-image-preview":"max-image-preview:large","max-video-preview":"max-video-preview:-1"},"canonical":"https:\/\/www.wow-show.com\/pl\/the-story-of-wow\/history\/","og_locale":"pl_PL","og_type":"article","og_title":"Historia czarnego teatru","og_description":"[vc_row gap=&#8221;15&#8243;][vc_column el_class=&#8221;mytitle&#8221;][vc_column_text]Historia czarnego teatru[\/vc_column_text][\/vc_column][vc_column width=&#8221;2\/3&#8243;][vc_column_text]Czarny teatr, tak samo jak szereg innych wa\u017cnych rzeczy, narodzi\u0142 si\u0119 w staro\u017cytnych Chinach. Pierwsze przedstawienia czarnego teatru powsta\u0142y dla zabawy cesarza, chodzi\u0142o w\u0142a\u015bciwie o gr\u0119 cieni &#8211; Chi\u0144czycy wykorzystywali \u015bwiat\u0142o \u015bwiec, przy kt\u00f3rych pomocy na bia\u0142ym p\u0142\u00f3tnie o\u017cywia\u0142 \u015bwiat cieni. Ten styl teatralny sta\u0142 si\u0119 popularny i w okolicach&hellip;","og_url":"https:\/\/www.wow-show.com\/pl\/the-story-of-wow\/history\/","og_site_name":"WOW show","article_publisher":"https:\/\/www.facebook.com\/wowshowprague","article_modified_time":"2020-01-16T21:48:05+00:00","twitter_card":"summary_large_image","twitter_misc":{"Szacowany czas czytania":"2 minuty"},"schema":{"@context":"https:\/\/schema.org","@graph":[{"@type":"WebPage","@id":"https:\/\/www.wow-show.com\/pl\/the-story-of-wow\/history\/","url":"https:\/\/www.wow-show.com\/pl\/the-story-of-wow\/history\/","name":"Historia czarnego teatru | WOW show","isPartOf":{"@id":"https:\/\/www.wow-show.com\/cs\/#website"},"datePublished":"2019-11-11T12:22:55+00:00","dateModified":"2020-01-16T21:48:05+00:00","breadcrumb":{"@id":"https:\/\/www.wow-show.com\/pl\/the-story-of-wow\/history\/#breadcrumb"},"inLanguage":"pl-PL","potentialAction":[{"@type":"ReadAction","target":["https:\/\/www.wow-show.com\/pl\/the-story-of-wow\/history\/"]}]},{"@type":"BreadcrumbList","@id":"https:\/\/www.wow-show.com\/pl\/the-story-of-wow\/history\/#breadcrumb","itemListElement":[{"@type":"ListItem","position":1,"name":"Home","item":"https:\/\/www.wow-show.com\/pl\/"},{"@type":"ListItem","position":2,"name":"Historia WOW","item":"https:\/\/www.wow-show.com\/pl\/the-story-of-wow\/"},{"@type":"ListItem","position":3,"name":"Historia czarnego teatru"}]},{"@type":"WebSite","@id":"https:\/\/www.wow-show.com\/cs\/#website","url":"https:\/\/www.wow-show.com\/cs\/","name":"WOW show","description":"The best interactive show in Prague","publisher":{"@id":"https:\/\/www.wow-show.com\/cs\/#\/schema\/person\/8748b86dc138b33cde9e87c488463a5b"},"potentialAction":[{"@type":"SearchAction","target":{"@type":"EntryPoint","urlTemplate":"https:\/\/www.wow-show.com\/cs\/?s={search_term_string}"},"query-input":{"@type":"PropertyValueSpecification","valueRequired":true,"valueName":"search_term_string"}}],"inLanguage":"pl-PL"},{"@type":["Person","Organization"],"@id":"https:\/\/www.wow-show.com\/cs\/#\/schema\/person\/8748b86dc138b33cde9e87c488463a5b","name":"hanka","image":{"@type":"ImageObject","inLanguage":"pl-PL","@id":"https:\/\/www.wow-show.com\/cs\/#\/schema\/person\/image\/","url":"https:\/\/www.wow-show.com\/wp-content\/uploads\/logo.png","contentUrl":"https:\/\/www.wow-show.com\/wp-content\/uploads\/logo.png","width":250,"height":105,"caption":"hanka"},"logo":{"@id":"https:\/\/www.wow-show.com\/cs\/#\/schema\/person\/image\/"},"sameAs":["https:\/\/www.wow-show.com\/","https:\/\/www.facebook.com\/wowshowprague","https:\/\/www.instagram.com\/wowshowprague\/"]}]}},"_links":{"self":[{"href":"https:\/\/www.wow-show.com\/pl\/wp-json\/wp\/v2\/pages\/2027"}],"collection":[{"href":"https:\/\/www.wow-show.com\/pl\/wp-json\/wp\/v2\/pages"}],"about":[{"href":"https:\/\/www.wow-show.com\/pl\/wp-json\/wp\/v2\/types\/page"}],"author":[{"embeddable":true,"href":"https:\/\/www.wow-show.com\/pl\/wp-json\/wp\/v2\/users\/4"}],"replies":[{"embeddable":true,"href":"https:\/\/www.wow-show.com\/pl\/wp-json\/wp\/v2\/comments?post=2027"}],"version-history":[{"count":3,"href":"https:\/\/www.wow-show.com\/pl\/wp-json\/wp\/v2\/pages\/2027\/revisions"}],"predecessor-version":[{"id":3205,"href":"https:\/\/www.wow-show.com\/pl\/wp-json\/wp\/v2\/pages\/2027\/revisions\/3205"}],"up":[{"embeddable":true,"href":"https:\/\/www.wow-show.com\/pl\/wp-json\/wp\/v2\/pages\/2107"}],"wp:attachment":[{"href":"https:\/\/www.wow-show.com\/pl\/wp-json\/wp\/v2\/media?parent=2027"}],"curies":[{"name":"wp","href":"https:\/\/api.w.org\/{rel}","templated":true}]}}