{"id":2551,"date":"2019-11-11T13:23:37","date_gmt":"2019-11-11T12:23:37","guid":{"rendered":"https:\/\/www.wow-show.com\/the-story-of-wow\/about\/"},"modified":"2020-01-17T13:47:06","modified_gmt":"2020-01-17T12:47:06","slug":"about","status":"publish","type":"page","link":"https:\/\/www.wow-show.com\/fr\/the-story-of-wow\/about\/","title":{"rendered":"A propos de nous"},"content":{"rendered":"<div class=\"wpb-content-wrapper\"><p>[vc_row gap=\u00a0\u00bb15&Prime;][vc_column el_class=\u00a0\u00bbmytitle\u00a0\u00bb][vc_column_text]<\/p>\n<h2>A propos de nous<\/h2>\n<p>[\/vc_column_text][\/vc_column][vc_column width=\u00a0\u00bb2\/3&Prime;][vc_column_text]Le th\u00e9\u00e2tre noir WOW joue pour vous \u00e0 Prague depuis plus de 15 ans. Pendant ce temps, nous avons r\u00e9ussi \u00e0 ex\u00e9cuter des performances m\u00eame pour des spectateurs dans des pays voisins tels que la Slovaquie, l&rsquo;Allemagne et la Pologne. Et ce n&rsquo;est pas tout. Nous avons m\u00eame jou\u00e9 \u00e0 Malte pour le pr\u00e9sident de Malte. Avec notre spectacle, nous avons \u00e9galement visit\u00e9 la Gr\u00e8ce, le Qatar, la Turquie, l\u2019\u00c9quateur, la Russie ou l\u2019Inde.<br \/>\nPendant quatre ans, nous avons collabor\u00e9 avec succ\u00e8s avec l&rsquo;agence Czech tourism, gr\u00e2ce \u00e0 laquelle nous avons particip\u00e9 \u00e0 divers salons et foires se tenant \u00e0 travers le monde entier. Nos spectacles sont principalement destin\u00e9s au grand public, n\u00e9anmoins diverses soci\u00e9t\u00e9s commandent souvent nos spectacles \u00e0 l&rsquo;occasion de leurs f\u00eates d&rsquo;entreprise. De plus, nous pouvons organiser des ateliers de th\u00e9\u00e2tre et nous aimons le faire.<br \/>\nPersuadez-vous vous-m\u00eame, que ce soit dans notre th\u00e9\u00e2tre ou lors de votre \u00e9v\u00e9nement priv\u00e9, o\u00f9 nous serons heureux de pouvoir venir vous distraire.[\/vc_column_text][\/vc_column][vc_column width=\u00a0\u00bb1\/3&Prime;][vc_wp_custommenu nav_menu=\u00a0\u00bb4&Prime;][\/vc_column][\/vc_row]<\/p>\n<\/div>","protected":false},"excerpt":{"rendered":"<p>[vc_row gap=\u00a0\u00bb15&Prime;][vc_column el_class=\u00a0\u00bbmytitle\u00a0\u00bb][vc_column_text] A propos de nous [\/vc_column_text][\/vc_column][vc_column width=\u00a0\u00bb2\/3&Prime;][vc_column_text]Le th\u00e9\u00e2tre noir WOW joue pour vous \u00e0 Prague depuis plus de 15 ans. Pendant ce temps, nous avons r\u00e9ussi \u00e0 ex\u00e9cuter des performances m\u00eame pour des spectateurs dans des pays voisins tels que la Slovaquie, l&rsquo;Allemagne et la Pologne. Et ce n&rsquo;est pas tout. Nous avons&hellip;<\/p>\n","protected":false},"author":4,"featured_media":0,"parent":2546,"menu_order":7,"comment_status":"closed","ping_status":"closed","template":"","meta":{"_acf_changed":false,"footnotes":""},"class_list":["post-2551","page","type-page","status-publish","hentry","description-off"],"acf":[],"yoast_head":"<!-- This site is optimized with the Yoast SEO Premium plugin v25.6 (Yoast SEO v25.6) - https:\/\/yoast.com\/wordpress\/plugins\/seo\/ -->\n<title>A propos de nous | WOW show<\/title>\n<meta name=\"robots\" content=\"index, follow, max-snippet:-1, max-image-preview:large, max-video-preview:-1\" \/>\n<link rel=\"canonical\" href=\"https:\/\/www.wow-show.com\/fr\/the-story-of-wow\/about\/\" \/>\n<meta property=\"og:locale\" content=\"fr_FR\" \/>\n<meta property=\"og:type\" content=\"article\" \/>\n<meta property=\"og:title\" content=\"A propos de nous\" \/>\n<meta property=\"og:description\" content=\"[vc_row gap=\u00a0\u00bb15&Prime;][vc_column el_class=\u00a0\u00bbmytitle\u00a0\u00bb][vc_column_text] A propos de nous [\/vc_column_text][\/vc_column][vc_column width=\u00a0\u00bb2\/3&Prime;][vc_column_text]Le th\u00e9\u00e2tre noir WOW joue pour vous \u00e0 Prague depuis plus de 15 ans. Pendant ce temps, nous avons r\u00e9ussi \u00e0 ex\u00e9cuter des performances m\u00eame pour des spectateurs dans des pays voisins tels que la Slovaquie, l&rsquo;Allemagne et la Pologne. Et ce n&rsquo;est pas tout. Nous avons&hellip;\" \/>\n<meta property=\"og:url\" content=\"https:\/\/www.wow-show.com\/fr\/the-story-of-wow\/about\/\" \/>\n<meta property=\"og:site_name\" content=\"WOW show\" \/>\n<meta property=\"article:publisher\" content=\"https:\/\/www.facebook.com\/wowshowprague\" \/>\n<meta property=\"article:modified_time\" content=\"2020-01-17T12:47:06+00:00\" \/>\n<meta name=\"twitter:card\" content=\"summary_large_image\" \/>\n<meta name=\"twitter:label1\" content=\"Dur\u00e9e de lecture estim\u00e9e\" \/>\n\t<meta name=\"twitter:data1\" content=\"1 minute\" \/>\n<script type=\"application\/ld+json\" class=\"yoast-schema-graph\">{\"@context\":\"https:\/\/schema.org\",\"@graph\":[{\"@type\":\"WebPage\",\"@id\":\"https:\/\/www.wow-show.com\/fr\/the-story-of-wow\/about\/\",\"url\":\"https:\/\/www.wow-show.com\/fr\/the-story-of-wow\/about\/\",\"name\":\"A propos de nous | WOW show\",\"isPartOf\":{\"@id\":\"https:\/\/www.wow-show.com\/cs\/#website\"},\"datePublished\":\"2019-11-11T12:23:37+00:00\",\"dateModified\":\"2020-01-17T12:47:06+00:00\",\"breadcrumb\":{\"@id\":\"https:\/\/www.wow-show.com\/fr\/the-story-of-wow\/about\/#breadcrumb\"},\"inLanguage\":\"fr-FR\",\"potentialAction\":[{\"@type\":\"ReadAction\",\"target\":[\"https:\/\/www.wow-show.com\/fr\/the-story-of-wow\/about\/\"]}]},{\"@type\":\"BreadcrumbList\",\"@id\":\"https:\/\/www.wow-show.com\/fr\/the-story-of-wow\/about\/#breadcrumb\",\"itemListElement\":[{\"@type\":\"ListItem\",\"position\":1,\"name\":\"Home\",\"item\":\"https:\/\/www.wow-show.com\/fr\/\"},{\"@type\":\"ListItem\",\"position\":2,\"name\":\"Histoire de WOW\",\"item\":\"https:\/\/www.wow-show.com\/fr\/the-story-of-wow\/\"},{\"@type\":\"ListItem\",\"position\":3,\"name\":\"A propos de nous\"}]},{\"@type\":\"WebSite\",\"@id\":\"https:\/\/www.wow-show.com\/cs\/#website\",\"url\":\"https:\/\/www.wow-show.com\/cs\/\",\"name\":\"WOW show\",\"description\":\"The best interactive show in Prague\",\"publisher\":{\"@id\":\"https:\/\/www.wow-show.com\/cs\/#\/schema\/person\/8748b86dc138b33cde9e87c488463a5b\"},\"potentialAction\":[{\"@type\":\"SearchAction\",\"target\":{\"@type\":\"EntryPoint\",\"urlTemplate\":\"https:\/\/www.wow-show.com\/cs\/?s={search_term_string}\"},\"query-input\":{\"@type\":\"PropertyValueSpecification\",\"valueRequired\":true,\"valueName\":\"search_term_string\"}}],\"inLanguage\":\"fr-FR\"},{\"@type\":[\"Person\",\"Organization\"],\"@id\":\"https:\/\/www.wow-show.com\/cs\/#\/schema\/person\/8748b86dc138b33cde9e87c488463a5b\",\"name\":\"hanka\",\"image\":{\"@type\":\"ImageObject\",\"inLanguage\":\"fr-FR\",\"@id\":\"https:\/\/www.wow-show.com\/cs\/#\/schema\/person\/image\/\",\"url\":\"https:\/\/www.wow-show.com\/wp-content\/uploads\/logo.png\",\"contentUrl\":\"https:\/\/www.wow-show.com\/wp-content\/uploads\/logo.png\",\"width\":250,\"height\":105,\"caption\":\"hanka\"},\"logo\":{\"@id\":\"https:\/\/www.wow-show.com\/cs\/#\/schema\/person\/image\/\"},\"sameAs\":[\"https:\/\/www.wow-show.com\/\",\"https:\/\/www.facebook.com\/wowshowprague\",\"https:\/\/www.instagram.com\/wowshowprague\/\"]}]}<\/script>\n<!-- \/ Yoast SEO Premium plugin. -->","yoast_head_json":{"title":"A propos de nous | WOW show","robots":{"index":"index","follow":"follow","max-snippet":"max-snippet:-1","max-image-preview":"max-image-preview:large","max-video-preview":"max-video-preview:-1"},"canonical":"https:\/\/www.wow-show.com\/fr\/the-story-of-wow\/about\/","og_locale":"fr_FR","og_type":"article","og_title":"A propos de nous","og_description":"[vc_row gap=\u00a0\u00bb15&Prime;][vc_column el_class=\u00a0\u00bbmytitle\u00a0\u00bb][vc_column_text] A propos de nous [\/vc_column_text][\/vc_column][vc_column width=\u00a0\u00bb2\/3&Prime;][vc_column_text]Le th\u00e9\u00e2tre noir WOW joue pour vous \u00e0 Prague depuis plus de 15 ans. Pendant ce temps, nous avons r\u00e9ussi \u00e0 ex\u00e9cuter des performances m\u00eame pour des spectateurs dans des pays voisins tels que la Slovaquie, l&rsquo;Allemagne et la Pologne. Et ce n&rsquo;est pas tout. Nous avons&hellip;","og_url":"https:\/\/www.wow-show.com\/fr\/the-story-of-wow\/about\/","og_site_name":"WOW show","article_publisher":"https:\/\/www.facebook.com\/wowshowprague","article_modified_time":"2020-01-17T12:47:06+00:00","twitter_card":"summary_large_image","twitter_misc":{"Dur\u00e9e de lecture estim\u00e9e":"1 minute"},"schema":{"@context":"https:\/\/schema.org","@graph":[{"@type":"WebPage","@id":"https:\/\/www.wow-show.com\/fr\/the-story-of-wow\/about\/","url":"https:\/\/www.wow-show.com\/fr\/the-story-of-wow\/about\/","name":"A propos de nous | WOW show","isPartOf":{"@id":"https:\/\/www.wow-show.com\/cs\/#website"},"datePublished":"2019-11-11T12:23:37+00:00","dateModified":"2020-01-17T12:47:06+00:00","breadcrumb":{"@id":"https:\/\/www.wow-show.com\/fr\/the-story-of-wow\/about\/#breadcrumb"},"inLanguage":"fr-FR","potentialAction":[{"@type":"ReadAction","target":["https:\/\/www.wow-show.com\/fr\/the-story-of-wow\/about\/"]}]},{"@type":"BreadcrumbList","@id":"https:\/\/www.wow-show.com\/fr\/the-story-of-wow\/about\/#breadcrumb","itemListElement":[{"@type":"ListItem","position":1,"name":"Home","item":"https:\/\/www.wow-show.com\/fr\/"},{"@type":"ListItem","position":2,"name":"Histoire de WOW","item":"https:\/\/www.wow-show.com\/fr\/the-story-of-wow\/"},{"@type":"ListItem","position":3,"name":"A propos de nous"}]},{"@type":"WebSite","@id":"https:\/\/www.wow-show.com\/cs\/#website","url":"https:\/\/www.wow-show.com\/cs\/","name":"WOW show","description":"The best interactive show in Prague","publisher":{"@id":"https:\/\/www.wow-show.com\/cs\/#\/schema\/person\/8748b86dc138b33cde9e87c488463a5b"},"potentialAction":[{"@type":"SearchAction","target":{"@type":"EntryPoint","urlTemplate":"https:\/\/www.wow-show.com\/cs\/?s={search_term_string}"},"query-input":{"@type":"PropertyValueSpecification","valueRequired":true,"valueName":"search_term_string"}}],"inLanguage":"fr-FR"},{"@type":["Person","Organization"],"@id":"https:\/\/www.wow-show.com\/cs\/#\/schema\/person\/8748b86dc138b33cde9e87c488463a5b","name":"hanka","image":{"@type":"ImageObject","inLanguage":"fr-FR","@id":"https:\/\/www.wow-show.com\/cs\/#\/schema\/person\/image\/","url":"https:\/\/www.wow-show.com\/wp-content\/uploads\/logo.png","contentUrl":"https:\/\/www.wow-show.com\/wp-content\/uploads\/logo.png","width":250,"height":105,"caption":"hanka"},"logo":{"@id":"https:\/\/www.wow-show.com\/cs\/#\/schema\/person\/image\/"},"sameAs":["https:\/\/www.wow-show.com\/","https:\/\/www.facebook.com\/wowshowprague","https:\/\/www.instagram.com\/wowshowprague\/"]}]}},"_links":{"self":[{"href":"https:\/\/www.wow-show.com\/fr\/wp-json\/wp\/v2\/pages\/2551"}],"collection":[{"href":"https:\/\/www.wow-show.com\/fr\/wp-json\/wp\/v2\/pages"}],"about":[{"href":"https:\/\/www.wow-show.com\/fr\/wp-json\/wp\/v2\/types\/page"}],"author":[{"embeddable":true,"href":"https:\/\/www.wow-show.com\/fr\/wp-json\/wp\/v2\/users\/4"}],"replies":[{"embeddable":true,"href":"https:\/\/www.wow-show.com\/fr\/wp-json\/wp\/v2\/comments?post=2551"}],"version-history":[{"count":3,"href":"https:\/\/www.wow-show.com\/fr\/wp-json\/wp\/v2\/pages\/2551\/revisions"}],"predecessor-version":[{"id":3216,"href":"https:\/\/www.wow-show.com\/fr\/wp-json\/wp\/v2\/pages\/2551\/revisions\/3216"}],"up":[{"embeddable":true,"href":"https:\/\/www.wow-show.com\/fr\/wp-json\/wp\/v2\/pages\/2546"}],"wp:attachment":[{"href":"https:\/\/www.wow-show.com\/fr\/wp-json\/wp\/v2\/media?parent=2551"}],"curies":[{"name":"wp","href":"https:\/\/api.w.org\/{rel}","templated":true}]}}