{"id":2102,"date":"2019-11-11T13:21:33","date_gmt":"2019-11-11T12:21:33","guid":{"rendered":"https:\/\/www.wow-show.com\/theatre-secret\/"},"modified":"2020-01-17T13:20:45","modified_gmt":"2020-01-17T12:20:45","slug":"theatre-secret","status":"publish","type":"page","link":"https:\/\/www.wow-show.com\/es\/the-story-of-wow\/theatre-secret\/","title":{"rendered":"El secreto del teatro negro"},"content":{"rendered":"<div class=\"wpb-content-wrapper\"><p>[vc_row gap=\u00bb15&#8243;][vc_column el_class=\u00bbmytitle\u00bb][vc_column_text]<\/p>\n<h2>El secreto del teatro negro<\/h2>\n<p>[\/vc_column_text][\/vc_column][vc_column width=\u00bb2\/3&#8243;][vc_column_text]Ilusi\u00f3n \u00f3ptica<br \/>\nEl teatro negro tiene su encanto \u00fanico. Desde su inicio en la antigua China, su atracci\u00f3n m\u00e1gica se ha basado en un misterio simple y oscuro \u2013 en la oscuridad misma.<br \/>\nLos actores est\u00e1n vestidos con trajes negros, con guantes negros y m\u00e1scaras negras con solo agujeros para sus ojos. Estas \u00abpersonas negras\u00bb son personajes invisibles para el espectador, pero permiten pr\u00e1cticamente todo el movimiento m\u00e1gico en la escena.<\/p>\n<p>Los cientos de metros de tela negra que se extienden detr\u00e1s de cada figura negra, y la luz fluorescente que solo enfatiza los objetos pintados en color fluorescente, son los bloques de construcci\u00f3n de una ilusi\u00f3n \u00f3ptica exitosa de una representaci\u00f3n teatral de teatro negro.<br \/>\nCaja negra<br \/>\nLos hombres en negro en la escena ven todo, pero gracias a la oscuridad nadie les ve. Los actores mueven objetos pintados en color fluorescente para que parezcan flotar en el aire. Como resultado, una bailar\u00edna, pintada en color fluorescente, puede volar y flotar sobre el suelo, sostenida en el aire por un hombre vestido de negro &#8211; un actor que el p\u00fablico no ve.<br \/>\nPara el \u00e9xito de este hechizo, toda la sala del teatro debe estar completamente sumergida en la oscuridad y permanecer oscura durante la presentaci\u00f3n. Escenario y auditorio en negro y oscuro, donde no puede penetrar la luz. Esta es la m\u00e1gica \u00abcaja negra\u00bb que le dio su nombre al teatro negro.<br \/>\nEl espect\u00e1culo WOW se basa en la magia de la oscuridad. Es un hechizo poderoso pero muy fr\u00e1gil: incluso un peque\u00f1o rayo de luz tiene el poder de revelar este secreto al instante.[\/vc_column_text][\/vc_column][vc_column width=\u00bb1\/3&#8243;][vc_wp_custommenu nav_menu=\u00bb4&#8243;][vc_single_image image=\u00bb153&#8243; img_size=\u00bbfull\u00bb][\/vc_column][\/vc_row]<\/p>\n<\/div>","protected":false},"excerpt":{"rendered":"<p>[vc_row gap=\u00bb15&#8243;][vc_column el_class=\u00bbmytitle\u00bb][vc_column_text] El secreto del teatro negro [\/vc_column_text][\/vc_column][vc_column width=\u00bb2\/3&#8243;][vc_column_text]Ilusi\u00f3n \u00f3ptica El teatro negro tiene su encanto \u00fanico. Desde su inicio en la antigua China, su atracci\u00f3n m\u00e1gica se ha basado en un misterio simple y oscuro \u2013 en la oscuridad misma. Los actores est\u00e1n vestidos con trajes negros, con guantes negros y m\u00e1scaras negras&hellip;<\/p>\n","protected":false},"author":4,"featured_media":0,"parent":2110,"menu_order":4,"comment_status":"closed","ping_status":"closed","template":"","meta":{"_acf_changed":false,"footnotes":""},"class_list":["post-2102","page","type-page","status-publish","hentry","description-off"],"acf":[],"yoast_head":"<!-- This site is optimized with the Yoast SEO Premium plugin v25.6 (Yoast SEO v25.6) - https:\/\/yoast.com\/wordpress\/plugins\/seo\/ -->\n<title>El secreto del teatro negro | WOW show<\/title>\n<meta name=\"robots\" content=\"index, follow, max-snippet:-1, max-image-preview:large, max-video-preview:-1\" \/>\n<link rel=\"canonical\" href=\"https:\/\/www.wow-show.com\/es\/the-story-of-wow\/theatre-secret\/\" \/>\n<meta property=\"og:locale\" content=\"es_ES\" \/>\n<meta property=\"og:type\" content=\"article\" \/>\n<meta property=\"og:title\" content=\"El secreto del teatro negro\" \/>\n<meta property=\"og:description\" content=\"[vc_row gap=\u00bb15&#8243;][vc_column el_class=\u00bbmytitle\u00bb][vc_column_text] El secreto del teatro negro [\/vc_column_text][\/vc_column][vc_column width=\u00bb2\/3&#8243;][vc_column_text]Ilusi\u00f3n \u00f3ptica El teatro negro tiene su encanto \u00fanico. Desde su inicio en la antigua China, su atracci\u00f3n m\u00e1gica se ha basado en un misterio simple y oscuro \u2013 en la oscuridad misma. Los actores est\u00e1n vestidos con trajes negros, con guantes negros y m\u00e1scaras negras&hellip;\" \/>\n<meta property=\"og:url\" content=\"https:\/\/www.wow-show.com\/es\/the-story-of-wow\/theatre-secret\/\" \/>\n<meta property=\"og:site_name\" content=\"WOW show\" \/>\n<meta property=\"article:publisher\" content=\"https:\/\/www.facebook.com\/wowshowprague\" \/>\n<meta property=\"article:modified_time\" content=\"2020-01-17T12:20:45+00:00\" \/>\n<meta name=\"twitter:card\" content=\"summary_large_image\" \/>\n<meta name=\"twitter:label1\" content=\"Tiempo de lectura\" \/>\n\t<meta name=\"twitter:data1\" content=\"2 minutos\" \/>\n<script type=\"application\/ld+json\" class=\"yoast-schema-graph\">{\"@context\":\"https:\/\/schema.org\",\"@graph\":[{\"@type\":\"WebPage\",\"@id\":\"https:\/\/www.wow-show.com\/es\/the-story-of-wow\/theatre-secret\/\",\"url\":\"https:\/\/www.wow-show.com\/es\/the-story-of-wow\/theatre-secret\/\",\"name\":\"El secreto del teatro negro | WOW show\",\"isPartOf\":{\"@id\":\"https:\/\/www.wow-show.com\/cs\/#website\"},\"datePublished\":\"2019-11-11T12:21:33+00:00\",\"dateModified\":\"2020-01-17T12:20:45+00:00\",\"breadcrumb\":{\"@id\":\"https:\/\/www.wow-show.com\/es\/the-story-of-wow\/theatre-secret\/#breadcrumb\"},\"inLanguage\":\"es\",\"potentialAction\":[{\"@type\":\"ReadAction\",\"target\":[\"https:\/\/www.wow-show.com\/es\/the-story-of-wow\/theatre-secret\/\"]}]},{\"@type\":\"BreadcrumbList\",\"@id\":\"https:\/\/www.wow-show.com\/es\/the-story-of-wow\/theatre-secret\/#breadcrumb\",\"itemListElement\":[{\"@type\":\"ListItem\",\"position\":1,\"name\":\"Home\",\"item\":\"https:\/\/www.wow-show.com\/es\/\"},{\"@type\":\"ListItem\",\"position\":2,\"name\":\"WOW historia\",\"item\":\"https:\/\/www.wow-show.com\/es\/the-story-of-wow\/\"},{\"@type\":\"ListItem\",\"position\":3,\"name\":\"El secreto del teatro negro\"}]},{\"@type\":\"WebSite\",\"@id\":\"https:\/\/www.wow-show.com\/cs\/#website\",\"url\":\"https:\/\/www.wow-show.com\/cs\/\",\"name\":\"WOW show\",\"description\":\"The best interactive show in Prague\",\"publisher\":{\"@id\":\"https:\/\/www.wow-show.com\/cs\/#\/schema\/person\/8748b86dc138b33cde9e87c488463a5b\"},\"potentialAction\":[{\"@type\":\"SearchAction\",\"target\":{\"@type\":\"EntryPoint\",\"urlTemplate\":\"https:\/\/www.wow-show.com\/cs\/?s={search_term_string}\"},\"query-input\":{\"@type\":\"PropertyValueSpecification\",\"valueRequired\":true,\"valueName\":\"search_term_string\"}}],\"inLanguage\":\"es\"},{\"@type\":[\"Person\",\"Organization\"],\"@id\":\"https:\/\/www.wow-show.com\/cs\/#\/schema\/person\/8748b86dc138b33cde9e87c488463a5b\",\"name\":\"hanka\",\"image\":{\"@type\":\"ImageObject\",\"inLanguage\":\"es\",\"@id\":\"https:\/\/www.wow-show.com\/cs\/#\/schema\/person\/image\/\",\"url\":\"https:\/\/www.wow-show.com\/wp-content\/uploads\/logo.png\",\"contentUrl\":\"https:\/\/www.wow-show.com\/wp-content\/uploads\/logo.png\",\"width\":250,\"height\":105,\"caption\":\"hanka\"},\"logo\":{\"@id\":\"https:\/\/www.wow-show.com\/cs\/#\/schema\/person\/image\/\"},\"sameAs\":[\"https:\/\/www.wow-show.com\/\",\"https:\/\/www.facebook.com\/wowshowprague\",\"https:\/\/www.instagram.com\/wowshowprague\/\"]}]}<\/script>\n<!-- \/ Yoast SEO Premium plugin. -->","yoast_head_json":{"title":"El secreto del teatro negro | WOW show","robots":{"index":"index","follow":"follow","max-snippet":"max-snippet:-1","max-image-preview":"max-image-preview:large","max-video-preview":"max-video-preview:-1"},"canonical":"https:\/\/www.wow-show.com\/es\/the-story-of-wow\/theatre-secret\/","og_locale":"es_ES","og_type":"article","og_title":"El secreto del teatro negro","og_description":"[vc_row gap=\u00bb15&#8243;][vc_column el_class=\u00bbmytitle\u00bb][vc_column_text] El secreto del teatro negro [\/vc_column_text][\/vc_column][vc_column width=\u00bb2\/3&#8243;][vc_column_text]Ilusi\u00f3n \u00f3ptica El teatro negro tiene su encanto \u00fanico. Desde su inicio en la antigua China, su atracci\u00f3n m\u00e1gica se ha basado en un misterio simple y oscuro \u2013 en la oscuridad misma. Los actores est\u00e1n vestidos con trajes negros, con guantes negros y m\u00e1scaras negras&hellip;","og_url":"https:\/\/www.wow-show.com\/es\/the-story-of-wow\/theatre-secret\/","og_site_name":"WOW show","article_publisher":"https:\/\/www.facebook.com\/wowshowprague","article_modified_time":"2020-01-17T12:20:45+00:00","twitter_card":"summary_large_image","twitter_misc":{"Tiempo de lectura":"2 minutos"},"schema":{"@context":"https:\/\/schema.org","@graph":[{"@type":"WebPage","@id":"https:\/\/www.wow-show.com\/es\/the-story-of-wow\/theatre-secret\/","url":"https:\/\/www.wow-show.com\/es\/the-story-of-wow\/theatre-secret\/","name":"El secreto del teatro negro | WOW show","isPartOf":{"@id":"https:\/\/www.wow-show.com\/cs\/#website"},"datePublished":"2019-11-11T12:21:33+00:00","dateModified":"2020-01-17T12:20:45+00:00","breadcrumb":{"@id":"https:\/\/www.wow-show.com\/es\/the-story-of-wow\/theatre-secret\/#breadcrumb"},"inLanguage":"es","potentialAction":[{"@type":"ReadAction","target":["https:\/\/www.wow-show.com\/es\/the-story-of-wow\/theatre-secret\/"]}]},{"@type":"BreadcrumbList","@id":"https:\/\/www.wow-show.com\/es\/the-story-of-wow\/theatre-secret\/#breadcrumb","itemListElement":[{"@type":"ListItem","position":1,"name":"Home","item":"https:\/\/www.wow-show.com\/es\/"},{"@type":"ListItem","position":2,"name":"WOW historia","item":"https:\/\/www.wow-show.com\/es\/the-story-of-wow\/"},{"@type":"ListItem","position":3,"name":"El secreto del teatro negro"}]},{"@type":"WebSite","@id":"https:\/\/www.wow-show.com\/cs\/#website","url":"https:\/\/www.wow-show.com\/cs\/","name":"WOW show","description":"The best interactive show in Prague","publisher":{"@id":"https:\/\/www.wow-show.com\/cs\/#\/schema\/person\/8748b86dc138b33cde9e87c488463a5b"},"potentialAction":[{"@type":"SearchAction","target":{"@type":"EntryPoint","urlTemplate":"https:\/\/www.wow-show.com\/cs\/?s={search_term_string}"},"query-input":{"@type":"PropertyValueSpecification","valueRequired":true,"valueName":"search_term_string"}}],"inLanguage":"es"},{"@type":["Person","Organization"],"@id":"https:\/\/www.wow-show.com\/cs\/#\/schema\/person\/8748b86dc138b33cde9e87c488463a5b","name":"hanka","image":{"@type":"ImageObject","inLanguage":"es","@id":"https:\/\/www.wow-show.com\/cs\/#\/schema\/person\/image\/","url":"https:\/\/www.wow-show.com\/wp-content\/uploads\/logo.png","contentUrl":"https:\/\/www.wow-show.com\/wp-content\/uploads\/logo.png","width":250,"height":105,"caption":"hanka"},"logo":{"@id":"https:\/\/www.wow-show.com\/cs\/#\/schema\/person\/image\/"},"sameAs":["https:\/\/www.wow-show.com\/","https:\/\/www.facebook.com\/wowshowprague","https:\/\/www.instagram.com\/wowshowprague\/"]}]}},"_links":{"self":[{"href":"https:\/\/www.wow-show.com\/es\/wp-json\/wp\/v2\/pages\/2102"}],"collection":[{"href":"https:\/\/www.wow-show.com\/es\/wp-json\/wp\/v2\/pages"}],"about":[{"href":"https:\/\/www.wow-show.com\/es\/wp-json\/wp\/v2\/types\/page"}],"author":[{"embeddable":true,"href":"https:\/\/www.wow-show.com\/es\/wp-json\/wp\/v2\/users\/4"}],"replies":[{"embeddable":true,"href":"https:\/\/www.wow-show.com\/es\/wp-json\/wp\/v2\/comments?post=2102"}],"version-history":[{"count":3,"href":"https:\/\/www.wow-show.com\/es\/wp-json\/wp\/v2\/pages\/2102\/revisions"}],"predecessor-version":[{"id":3211,"href":"https:\/\/www.wow-show.com\/es\/wp-json\/wp\/v2\/pages\/2102\/revisions\/3211"}],"up":[{"embeddable":true,"href":"https:\/\/www.wow-show.com\/es\/wp-json\/wp\/v2\/pages\/2110"}],"wp:attachment":[{"href":"https:\/\/www.wow-show.com\/es\/wp-json\/wp\/v2\/media?parent=2102"}],"curies":[{"name":"wp","href":"https:\/\/api.w.org\/{rel}","templated":true}]}}