{"id":2046,"date":"2019-11-11T13:23:37","date_gmt":"2019-11-11T12:23:37","guid":{"rendered":"https:\/\/www.wow-show.com\/about\/"},"modified":"2020-01-17T13:30:31","modified_gmt":"2020-01-17T12:30:31","slug":"about","status":"publish","type":"page","link":"https:\/\/www.wow-show.com\/es\/the-story-of-wow\/about\/","title":{"rendered":"Acerca de nosotros"},"content":{"rendered":"<div class=\"wpb-content-wrapper\"><p>[vc_row gap=\u00bb15&#8243;][vc_column el_class=\u00bbmytitle\u00bb][vc_column_text]<\/p>\n<h2>Acerca de nosotros<\/h2>\n<p>[\/vc_column_text][\/vc_column][vc_column width=\u00bb2\/3&#8243;][vc_column_text]Acerca de nosotros<br \/>\nEl teatro negro WOW act\u00faa en Praga m\u00e1s de 15 a\u00f1os. Durante ese tiempo, logramos realizar actuaciones para espectadores en pa\u00edses vecinos como Eslovaquia, Alemania y Polonia. Y eso no es todo. Incluso actuamos en Malta para el presidente de Malta. Con nuestro programa tambi\u00e9n visitamos Grecia, Qatar, Turqu\u00eda, Ecuador, Rusia o India.<br \/>\nDurante cuatro a\u00f1os, hemos cooperado con \u00e9xito con la agencia de turismo checo, gracias a lo cual hemos estado actuando en varias exposiciones y ferias en todo el mundo. Nuestras actuaciones est\u00e1n destinadas principalmente al p\u00fablico en general, pero a menudo tambi\u00e9n nos piden empresas para sus fiestas. Adem\u00e1s, podemos organizar talleres y nos gusta hacerlo.<br \/>\nCompru\u00e9balo t\u00fa mismo, ya sea en nuestro teatro o en un evento privado, donde estaremos encantados de entretener a todos.[\/vc_column_text][\/vc_column][vc_column width=\u00bb1\/3&#8243;][vc_wp_custommenu nav_menu=\u00bb4&#8243;][\/vc_column][\/vc_row]<\/p>\n<\/div>","protected":false},"excerpt":{"rendered":"<p>[vc_row gap=\u00bb15&#8243;][vc_column el_class=\u00bbmytitle\u00bb][vc_column_text] Acerca de nosotros [\/vc_column_text][\/vc_column][vc_column width=\u00bb2\/3&#8243;][vc_column_text]Acerca de nosotros El teatro negro WOW act\u00faa en Praga m\u00e1s de 15 a\u00f1os. Durante ese tiempo, logramos realizar actuaciones para espectadores en pa\u00edses vecinos como Eslovaquia, Alemania y Polonia. Y eso no es todo. Incluso actuamos en Malta para el presidente de Malta. Con nuestro programa tambi\u00e9n&hellip;<\/p>\n","protected":false},"author":4,"featured_media":0,"parent":2110,"menu_order":7,"comment_status":"closed","ping_status":"closed","template":"","meta":{"_acf_changed":false,"footnotes":""},"class_list":["post-2046","page","type-page","status-publish","hentry","description-off"],"acf":[],"yoast_head":"<!-- This site is optimized with the Yoast SEO Premium plugin v25.6 (Yoast SEO v25.6) - https:\/\/yoast.com\/wordpress\/plugins\/seo\/ -->\n<title>Acerca de nosotros | WOW show<\/title>\n<meta name=\"robots\" content=\"index, follow, max-snippet:-1, max-image-preview:large, max-video-preview:-1\" \/>\n<link rel=\"canonical\" href=\"https:\/\/www.wow-show.com\/es\/the-story-of-wow\/about\/\" \/>\n<meta property=\"og:locale\" content=\"es_ES\" \/>\n<meta property=\"og:type\" content=\"article\" \/>\n<meta property=\"og:title\" content=\"Acerca de nosotros\" \/>\n<meta property=\"og:description\" content=\"[vc_row gap=\u00bb15&#8243;][vc_column el_class=\u00bbmytitle\u00bb][vc_column_text] Acerca de nosotros [\/vc_column_text][\/vc_column][vc_column width=\u00bb2\/3&#8243;][vc_column_text]Acerca de nosotros El teatro negro WOW act\u00faa en Praga m\u00e1s de 15 a\u00f1os. Durante ese tiempo, logramos realizar actuaciones para espectadores en pa\u00edses vecinos como Eslovaquia, Alemania y Polonia. Y eso no es todo. Incluso actuamos en Malta para el presidente de Malta. Con nuestro programa tambi\u00e9n&hellip;\" \/>\n<meta property=\"og:url\" content=\"https:\/\/www.wow-show.com\/es\/the-story-of-wow\/about\/\" \/>\n<meta property=\"og:site_name\" content=\"WOW show\" \/>\n<meta property=\"article:publisher\" content=\"https:\/\/www.facebook.com\/wowshowprague\" \/>\n<meta property=\"article:modified_time\" content=\"2020-01-17T12:30:31+00:00\" \/>\n<meta name=\"twitter:card\" content=\"summary_large_image\" \/>\n<meta name=\"twitter:label1\" content=\"Tiempo de lectura\" \/>\n\t<meta name=\"twitter:data1\" content=\"1 minuto\" \/>\n<script type=\"application\/ld+json\" class=\"yoast-schema-graph\">{\"@context\":\"https:\/\/schema.org\",\"@graph\":[{\"@type\":\"WebPage\",\"@id\":\"https:\/\/www.wow-show.com\/es\/the-story-of-wow\/about\/\",\"url\":\"https:\/\/www.wow-show.com\/es\/the-story-of-wow\/about\/\",\"name\":\"Acerca de nosotros | WOW show\",\"isPartOf\":{\"@id\":\"https:\/\/www.wow-show.com\/cs\/#website\"},\"datePublished\":\"2019-11-11T12:23:37+00:00\",\"dateModified\":\"2020-01-17T12:30:31+00:00\",\"breadcrumb\":{\"@id\":\"https:\/\/www.wow-show.com\/es\/the-story-of-wow\/about\/#breadcrumb\"},\"inLanguage\":\"es\",\"potentialAction\":[{\"@type\":\"ReadAction\",\"target\":[\"https:\/\/www.wow-show.com\/es\/the-story-of-wow\/about\/\"]}]},{\"@type\":\"BreadcrumbList\",\"@id\":\"https:\/\/www.wow-show.com\/es\/the-story-of-wow\/about\/#breadcrumb\",\"itemListElement\":[{\"@type\":\"ListItem\",\"position\":1,\"name\":\"Home\",\"item\":\"https:\/\/www.wow-show.com\/es\/\"},{\"@type\":\"ListItem\",\"position\":2,\"name\":\"WOW historia\",\"item\":\"https:\/\/www.wow-show.com\/es\/the-story-of-wow\/\"},{\"@type\":\"ListItem\",\"position\":3,\"name\":\"Acerca de nosotros\"}]},{\"@type\":\"WebSite\",\"@id\":\"https:\/\/www.wow-show.com\/cs\/#website\",\"url\":\"https:\/\/www.wow-show.com\/cs\/\",\"name\":\"WOW show\",\"description\":\"The best interactive show in Prague\",\"publisher\":{\"@id\":\"https:\/\/www.wow-show.com\/cs\/#\/schema\/person\/8748b86dc138b33cde9e87c488463a5b\"},\"potentialAction\":[{\"@type\":\"SearchAction\",\"target\":{\"@type\":\"EntryPoint\",\"urlTemplate\":\"https:\/\/www.wow-show.com\/cs\/?s={search_term_string}\"},\"query-input\":{\"@type\":\"PropertyValueSpecification\",\"valueRequired\":true,\"valueName\":\"search_term_string\"}}],\"inLanguage\":\"es\"},{\"@type\":[\"Person\",\"Organization\"],\"@id\":\"https:\/\/www.wow-show.com\/cs\/#\/schema\/person\/8748b86dc138b33cde9e87c488463a5b\",\"name\":\"hanka\",\"image\":{\"@type\":\"ImageObject\",\"inLanguage\":\"es\",\"@id\":\"https:\/\/www.wow-show.com\/cs\/#\/schema\/person\/image\/\",\"url\":\"https:\/\/www.wow-show.com\/wp-content\/uploads\/logo.png\",\"contentUrl\":\"https:\/\/www.wow-show.com\/wp-content\/uploads\/logo.png\",\"width\":250,\"height\":105,\"caption\":\"hanka\"},\"logo\":{\"@id\":\"https:\/\/www.wow-show.com\/cs\/#\/schema\/person\/image\/\"},\"sameAs\":[\"https:\/\/www.wow-show.com\/\",\"https:\/\/www.facebook.com\/wowshowprague\",\"https:\/\/www.instagram.com\/wowshowprague\/\"]}]}<\/script>\n<!-- \/ Yoast SEO Premium plugin. -->","yoast_head_json":{"title":"Acerca de nosotros | WOW show","robots":{"index":"index","follow":"follow","max-snippet":"max-snippet:-1","max-image-preview":"max-image-preview:large","max-video-preview":"max-video-preview:-1"},"canonical":"https:\/\/www.wow-show.com\/es\/the-story-of-wow\/about\/","og_locale":"es_ES","og_type":"article","og_title":"Acerca de nosotros","og_description":"[vc_row gap=\u00bb15&#8243;][vc_column el_class=\u00bbmytitle\u00bb][vc_column_text] Acerca de nosotros [\/vc_column_text][\/vc_column][vc_column width=\u00bb2\/3&#8243;][vc_column_text]Acerca de nosotros El teatro negro WOW act\u00faa en Praga m\u00e1s de 15 a\u00f1os. Durante ese tiempo, logramos realizar actuaciones para espectadores en pa\u00edses vecinos como Eslovaquia, Alemania y Polonia. Y eso no es todo. Incluso actuamos en Malta para el presidente de Malta. Con nuestro programa tambi\u00e9n&hellip;","og_url":"https:\/\/www.wow-show.com\/es\/the-story-of-wow\/about\/","og_site_name":"WOW show","article_publisher":"https:\/\/www.facebook.com\/wowshowprague","article_modified_time":"2020-01-17T12:30:31+00:00","twitter_card":"summary_large_image","twitter_misc":{"Tiempo de lectura":"1 minuto"},"schema":{"@context":"https:\/\/schema.org","@graph":[{"@type":"WebPage","@id":"https:\/\/www.wow-show.com\/es\/the-story-of-wow\/about\/","url":"https:\/\/www.wow-show.com\/es\/the-story-of-wow\/about\/","name":"Acerca de nosotros | WOW show","isPartOf":{"@id":"https:\/\/www.wow-show.com\/cs\/#website"},"datePublished":"2019-11-11T12:23:37+00:00","dateModified":"2020-01-17T12:30:31+00:00","breadcrumb":{"@id":"https:\/\/www.wow-show.com\/es\/the-story-of-wow\/about\/#breadcrumb"},"inLanguage":"es","potentialAction":[{"@type":"ReadAction","target":["https:\/\/www.wow-show.com\/es\/the-story-of-wow\/about\/"]}]},{"@type":"BreadcrumbList","@id":"https:\/\/www.wow-show.com\/es\/the-story-of-wow\/about\/#breadcrumb","itemListElement":[{"@type":"ListItem","position":1,"name":"Home","item":"https:\/\/www.wow-show.com\/es\/"},{"@type":"ListItem","position":2,"name":"WOW historia","item":"https:\/\/www.wow-show.com\/es\/the-story-of-wow\/"},{"@type":"ListItem","position":3,"name":"Acerca de nosotros"}]},{"@type":"WebSite","@id":"https:\/\/www.wow-show.com\/cs\/#website","url":"https:\/\/www.wow-show.com\/cs\/","name":"WOW show","description":"The best interactive show in Prague","publisher":{"@id":"https:\/\/www.wow-show.com\/cs\/#\/schema\/person\/8748b86dc138b33cde9e87c488463a5b"},"potentialAction":[{"@type":"SearchAction","target":{"@type":"EntryPoint","urlTemplate":"https:\/\/www.wow-show.com\/cs\/?s={search_term_string}"},"query-input":{"@type":"PropertyValueSpecification","valueRequired":true,"valueName":"search_term_string"}}],"inLanguage":"es"},{"@type":["Person","Organization"],"@id":"https:\/\/www.wow-show.com\/cs\/#\/schema\/person\/8748b86dc138b33cde9e87c488463a5b","name":"hanka","image":{"@type":"ImageObject","inLanguage":"es","@id":"https:\/\/www.wow-show.com\/cs\/#\/schema\/person\/image\/","url":"https:\/\/www.wow-show.com\/wp-content\/uploads\/logo.png","contentUrl":"https:\/\/www.wow-show.com\/wp-content\/uploads\/logo.png","width":250,"height":105,"caption":"hanka"},"logo":{"@id":"https:\/\/www.wow-show.com\/cs\/#\/schema\/person\/image\/"},"sameAs":["https:\/\/www.wow-show.com\/","https:\/\/www.facebook.com\/wowshowprague","https:\/\/www.instagram.com\/wowshowprague\/"]}]}},"_links":{"self":[{"href":"https:\/\/www.wow-show.com\/es\/wp-json\/wp\/v2\/pages\/2046"}],"collection":[{"href":"https:\/\/www.wow-show.com\/es\/wp-json\/wp\/v2\/pages"}],"about":[{"href":"https:\/\/www.wow-show.com\/es\/wp-json\/wp\/v2\/types\/page"}],"author":[{"embeddable":true,"href":"https:\/\/www.wow-show.com\/es\/wp-json\/wp\/v2\/users\/4"}],"replies":[{"embeddable":true,"href":"https:\/\/www.wow-show.com\/es\/wp-json\/wp\/v2\/comments?post=2046"}],"version-history":[{"count":3,"href":"https:\/\/www.wow-show.com\/es\/wp-json\/wp\/v2\/pages\/2046\/revisions"}],"predecessor-version":[{"id":3213,"href":"https:\/\/www.wow-show.com\/es\/wp-json\/wp\/v2\/pages\/2046\/revisions\/3213"}],"up":[{"embeddable":true,"href":"https:\/\/www.wow-show.com\/es\/wp-json\/wp\/v2\/pages\/2110"}],"wp:attachment":[{"href":"https:\/\/www.wow-show.com\/es\/wp-json\/wp\/v2\/media?parent=2046"}],"curies":[{"name":"wp","href":"https:\/\/api.w.org\/{rel}","templated":true}]}}