{"id":2105,"date":"2019-11-11T13:21:10","date_gmt":"2019-11-11T12:21:10","guid":{"rendered":"https:\/\/www.wow-show.com\/the-story-of-wow\/"},"modified":"2019-11-26T15:54:45","modified_gmt":"2019-11-26T14:54:45","slug":"the-story-of-wow","status":"publish","type":"page","link":"https:\/\/www.wow-show.com\/de\/the-story-of-wow\/","title":{"rendered":"Geschichte WOW"},"content":{"rendered":"<div class=\"wpb-content-wrapper\"><p>[vc_row gap=&#8220;15&#8243;][vc_column el_class=&#8220;mytitle&#8220;][vc_column_text]<\/p>\n<h2>Eine fantastische Story des Schwarzen Theaters WOW \u2013 show<\/h2>\n<p>[\/vc_column_text][\/vc_column][vc_column width=&#8220;2\/3&#8243;][vc_column_text]Erlebt eine Fastination, die euch vom Anfang an vollkommen einnimmt, sie wird in euch wieder das kleine Kind wecken und l\u00e4sst euch blicken in die Tiefen euerer Seele. Unsere Vorstellung ist eine Geschichte eines Menschen, der sein eigenes ich sucht und Dank der magischen Wesen, kann er ank\u00e4mpfen gegen seine eigenen \u00c4ngste.<\/p>\n<p>Beim verfolgen der Geschichte wird jeder Zuschauer in ihr Bann gezogen, schaut selber in sein eigenes Ich. Visualreiche Vorstellung \u00f6ffnet vor euch eine magische Traumwelt. Seid Zeugen dessen, wie unser Held, ein Kind aus einem Spinnennetz der Angst rettet. Wie er die Hindernisse, Dank der Gesch\u00e4nke, die er im Verlauf seiner Reise bekommt, \u00fcberwinden lernt.<\/p>\n<p>Aber keine Angst, nicht einmal ihre Kinder bekommen mit der Angst zu tun, im Gegenteil, sie werden begeistert und \u00fcberrascht sein.<\/p>\n<p>Sie werden feststellen, wie es ist, sich auf einmal in dem Traum von jemanden anderen zu befinden, sie erleben die bezaubernde Welt der Visualfantasie \u2013 WOW!<\/p>\n<p>Diese Vorstellung voller Magie, zieht euch im wahrsten Sinne des Wortes mitten in die Gesch\u00e4hnisse\u00a0 auf der B\u00fchne in ihre Mitte. W\u00e4hrend der Show neben anderen Effekten, fallen von der Decke riesige, fluoreszierende Luftballons, im Saal wird es schneien und regnen.<\/p>\n<p>Lasset euch eine Geschichte erz\u00e4hlen, die euch vereinnahmt mit Hilfe von unglaublichem Farbenspiel, von unvorstellbaren Formen und einer, ins Herz schleichnder Musik.<\/p>\n<p>Bereitet euch vor, auf ein Geysir von \u00fcberraschenden Momenten und erlebt, ein sich nicht wiederholendes Erlebnis.<\/p>\n<p>Unsere Vorstellung kombiniert unvollstellbare Technik des modernen schwarzen Theaters und 4d Effekten.<\/p>\n<p>Diese teathralisch anziehendeVizualshow ist f\u00fcr die ganze Famile konzipiert \u2013 die Kinder werden mittels von Zaubereffekten des schwarzen Theaters fasziniert und erleben die Interaktivit\u00e4t der Vorstellung. Die Erwachsenen werden die einf\u00fchlsame Musik, 4d Effekte, und den interessanten Einblick in die menschliche Seele\u00a0 zu sch\u00e4tzen wissen.<\/p>\n<p>Die Gedanken, die sie von dieser Vorstellung mit nach Hause nehmen, werden noch lange die Realit\u00e4t in der sie leben positiv beinflussen.<\/p>\n<p>Die Geschichte, die sie sehen werden, ist eine Geschichte von einem jeden von uns.<\/p>\n<ul>\n<li>D\u00e9lka p\u0159edstaven\u00ed: 65 minut<\/li>\n<li><a href=\"https:\/\/us3.free-proxy.com\/browse.php?u=bBCfDW8gAiWH%2B3leygfSHT8F9pqOInEMCbjuaibEHcGq&amp;b=1\">Eintrittskarten Reservierung<\/a><\/li>\n<\/ul>\n<p>[\/vc_column_text][\/vc_column][vc_column width=&#8220;1\/3&#8243;][vc_wp_custommenu nav_menu=&#8220;4&#8243;][vc_single_image image=&#8220;153&#8243; img_size=&#8220;full&#8220;][\/vc_column][\/vc_row]<\/p>\n<\/div>","protected":false},"excerpt":{"rendered":"<p>[vc_row gap=&#8220;15&#8243;][vc_column el_class=&#8220;mytitle&#8220;][vc_column_text] Eine fantastische Story des Schwarzen Theaters WOW \u2013 show [\/vc_column_text][\/vc_column][vc_column width=&#8220;2\/3&#8243;][vc_column_text]Erlebt eine Fastination, die euch vom Anfang an vollkommen einnimmt, sie wird in euch wieder das kleine Kind wecken und l\u00e4sst euch blicken in die Tiefen euerer Seele. Unsere Vorstellung ist eine Geschichte eines Menschen, der sein eigenes ich sucht und Dank&hellip;<\/p>\n","protected":false},"author":4,"featured_media":0,"parent":0,"menu_order":3,"comment_status":"closed","ping_status":"closed","template":"","meta":{"_acf_changed":false,"footnotes":""},"class_list":["post-2105","page","type-page","status-publish","hentry","description-off"],"acf":[],"yoast_head":"<!-- This site is optimized with the Yoast SEO Premium plugin v25.6 (Yoast SEO v25.6) - https:\/\/yoast.com\/wordpress\/plugins\/seo\/ -->\n<title>Geschichte WOW | WOW show<\/title>\n<meta name=\"robots\" content=\"index, follow, max-snippet:-1, max-image-preview:large, max-video-preview:-1\" \/>\n<link rel=\"canonical\" href=\"https:\/\/www.wow-show.com\/de\/the-story-of-wow\/\" \/>\n<meta property=\"og:locale\" content=\"de_DE\" \/>\n<meta property=\"og:type\" content=\"article\" \/>\n<meta property=\"og:title\" content=\"Geschichte WOW\" \/>\n<meta property=\"og:description\" content=\"[vc_row gap=&#8220;15&#8243;][vc_column el_class=&#8220;mytitle&#8220;][vc_column_text] Eine fantastische Story des Schwarzen Theaters WOW \u2013 show [\/vc_column_text][\/vc_column][vc_column width=&#8220;2\/3&#8243;][vc_column_text]Erlebt eine Fastination, die euch vom Anfang an vollkommen einnimmt, sie wird in euch wieder das kleine Kind wecken und l\u00e4sst euch blicken in die Tiefen euerer Seele. Unsere Vorstellung ist eine Geschichte eines Menschen, der sein eigenes ich sucht und Dank&hellip;\" \/>\n<meta property=\"og:url\" content=\"https:\/\/www.wow-show.com\/de\/the-story-of-wow\/\" \/>\n<meta property=\"og:site_name\" content=\"WOW show\" \/>\n<meta property=\"article:publisher\" content=\"https:\/\/www.facebook.com\/wowshowprague\" \/>\n<meta property=\"article:modified_time\" content=\"2019-11-26T14:54:45+00:00\" \/>\n<meta name=\"twitter:card\" content=\"summary_large_image\" \/>\n<meta name=\"twitter:label1\" content=\"Gesch\u00e4tzte Lesezeit\" \/>\n\t<meta name=\"twitter:data1\" content=\"2\u00a0Minuten\" \/>\n<script type=\"application\/ld+json\" class=\"yoast-schema-graph\">{\"@context\":\"https:\/\/schema.org\",\"@graph\":[{\"@type\":\"WebPage\",\"@id\":\"https:\/\/www.wow-show.com\/de\/the-story-of-wow\/\",\"url\":\"https:\/\/www.wow-show.com\/de\/the-story-of-wow\/\",\"name\":\"Geschichte WOW | WOW show\",\"isPartOf\":{\"@id\":\"https:\/\/www.wow-show.com\/cs\/#website\"},\"datePublished\":\"2019-11-11T12:21:10+00:00\",\"dateModified\":\"2019-11-26T14:54:45+00:00\",\"breadcrumb\":{\"@id\":\"https:\/\/www.wow-show.com\/de\/the-story-of-wow\/#breadcrumb\"},\"inLanguage\":\"de\",\"potentialAction\":[{\"@type\":\"ReadAction\",\"target\":[\"https:\/\/www.wow-show.com\/de\/the-story-of-wow\/\"]}]},{\"@type\":\"BreadcrumbList\",\"@id\":\"https:\/\/www.wow-show.com\/de\/the-story-of-wow\/#breadcrumb\",\"itemListElement\":[{\"@type\":\"ListItem\",\"position\":1,\"name\":\"Home\",\"item\":\"https:\/\/www.wow-show.com\/de\/\"},{\"@type\":\"ListItem\",\"position\":2,\"name\":\"Geschichte WOW\"}]},{\"@type\":\"WebSite\",\"@id\":\"https:\/\/www.wow-show.com\/cs\/#website\",\"url\":\"https:\/\/www.wow-show.com\/cs\/\",\"name\":\"WOW show\",\"description\":\"The best interactive show in Prague\",\"publisher\":{\"@id\":\"https:\/\/www.wow-show.com\/cs\/#\/schema\/person\/8748b86dc138b33cde9e87c488463a5b\"},\"potentialAction\":[{\"@type\":\"SearchAction\",\"target\":{\"@type\":\"EntryPoint\",\"urlTemplate\":\"https:\/\/www.wow-show.com\/cs\/?s={search_term_string}\"},\"query-input\":{\"@type\":\"PropertyValueSpecification\",\"valueRequired\":true,\"valueName\":\"search_term_string\"}}],\"inLanguage\":\"de\"},{\"@type\":[\"Person\",\"Organization\"],\"@id\":\"https:\/\/www.wow-show.com\/cs\/#\/schema\/person\/8748b86dc138b33cde9e87c488463a5b\",\"name\":\"hanka\",\"image\":{\"@type\":\"ImageObject\",\"inLanguage\":\"de\",\"@id\":\"https:\/\/www.wow-show.com\/cs\/#\/schema\/person\/image\/\",\"url\":\"https:\/\/www.wow-show.com\/wp-content\/uploads\/logo.png\",\"contentUrl\":\"https:\/\/www.wow-show.com\/wp-content\/uploads\/logo.png\",\"width\":250,\"height\":105,\"caption\":\"hanka\"},\"logo\":{\"@id\":\"https:\/\/www.wow-show.com\/cs\/#\/schema\/person\/image\/\"},\"sameAs\":[\"https:\/\/www.wow-show.com\/\",\"https:\/\/www.facebook.com\/wowshowprague\",\"https:\/\/www.instagram.com\/wowshowprague\/\"]}]}<\/script>\n<!-- \/ Yoast SEO Premium plugin. -->","yoast_head_json":{"title":"Geschichte WOW | WOW show","robots":{"index":"index","follow":"follow","max-snippet":"max-snippet:-1","max-image-preview":"max-image-preview:large","max-video-preview":"max-video-preview:-1"},"canonical":"https:\/\/www.wow-show.com\/de\/the-story-of-wow\/","og_locale":"de_DE","og_type":"article","og_title":"Geschichte WOW","og_description":"[vc_row gap=&#8220;15&#8243;][vc_column el_class=&#8220;mytitle&#8220;][vc_column_text] Eine fantastische Story des Schwarzen Theaters WOW \u2013 show [\/vc_column_text][\/vc_column][vc_column width=&#8220;2\/3&#8243;][vc_column_text]Erlebt eine Fastination, die euch vom Anfang an vollkommen einnimmt, sie wird in euch wieder das kleine Kind wecken und l\u00e4sst euch blicken in die Tiefen euerer Seele. Unsere Vorstellung ist eine Geschichte eines Menschen, der sein eigenes ich sucht und Dank&hellip;","og_url":"https:\/\/www.wow-show.com\/de\/the-story-of-wow\/","og_site_name":"WOW show","article_publisher":"https:\/\/www.facebook.com\/wowshowprague","article_modified_time":"2019-11-26T14:54:45+00:00","twitter_card":"summary_large_image","twitter_misc":{"Gesch\u00e4tzte Lesezeit":"2\u00a0Minuten"},"schema":{"@context":"https:\/\/schema.org","@graph":[{"@type":"WebPage","@id":"https:\/\/www.wow-show.com\/de\/the-story-of-wow\/","url":"https:\/\/www.wow-show.com\/de\/the-story-of-wow\/","name":"Geschichte WOW | WOW show","isPartOf":{"@id":"https:\/\/www.wow-show.com\/cs\/#website"},"datePublished":"2019-11-11T12:21:10+00:00","dateModified":"2019-11-26T14:54:45+00:00","breadcrumb":{"@id":"https:\/\/www.wow-show.com\/de\/the-story-of-wow\/#breadcrumb"},"inLanguage":"de","potentialAction":[{"@type":"ReadAction","target":["https:\/\/www.wow-show.com\/de\/the-story-of-wow\/"]}]},{"@type":"BreadcrumbList","@id":"https:\/\/www.wow-show.com\/de\/the-story-of-wow\/#breadcrumb","itemListElement":[{"@type":"ListItem","position":1,"name":"Home","item":"https:\/\/www.wow-show.com\/de\/"},{"@type":"ListItem","position":2,"name":"Geschichte WOW"}]},{"@type":"WebSite","@id":"https:\/\/www.wow-show.com\/cs\/#website","url":"https:\/\/www.wow-show.com\/cs\/","name":"WOW show","description":"The best interactive show in Prague","publisher":{"@id":"https:\/\/www.wow-show.com\/cs\/#\/schema\/person\/8748b86dc138b33cde9e87c488463a5b"},"potentialAction":[{"@type":"SearchAction","target":{"@type":"EntryPoint","urlTemplate":"https:\/\/www.wow-show.com\/cs\/?s={search_term_string}"},"query-input":{"@type":"PropertyValueSpecification","valueRequired":true,"valueName":"search_term_string"}}],"inLanguage":"de"},{"@type":["Person","Organization"],"@id":"https:\/\/www.wow-show.com\/cs\/#\/schema\/person\/8748b86dc138b33cde9e87c488463a5b","name":"hanka","image":{"@type":"ImageObject","inLanguage":"de","@id":"https:\/\/www.wow-show.com\/cs\/#\/schema\/person\/image\/","url":"https:\/\/www.wow-show.com\/wp-content\/uploads\/logo.png","contentUrl":"https:\/\/www.wow-show.com\/wp-content\/uploads\/logo.png","width":250,"height":105,"caption":"hanka"},"logo":{"@id":"https:\/\/www.wow-show.com\/cs\/#\/schema\/person\/image\/"},"sameAs":["https:\/\/www.wow-show.com\/","https:\/\/www.facebook.com\/wowshowprague","https:\/\/www.instagram.com\/wowshowprague\/"]}]}},"_links":{"self":[{"href":"https:\/\/www.wow-show.com\/de\/wp-json\/wp\/v2\/pages\/2105"}],"collection":[{"href":"https:\/\/www.wow-show.com\/de\/wp-json\/wp\/v2\/pages"}],"about":[{"href":"https:\/\/www.wow-show.com\/de\/wp-json\/wp\/v2\/types\/page"}],"author":[{"embeddable":true,"href":"https:\/\/www.wow-show.com\/de\/wp-json\/wp\/v2\/users\/4"}],"replies":[{"embeddable":true,"href":"https:\/\/www.wow-show.com\/de\/wp-json\/wp\/v2\/comments?post=2105"}],"version-history":[{"count":2,"href":"https:\/\/www.wow-show.com\/de\/wp-json\/wp\/v2\/pages\/2105\/revisions"}],"predecessor-version":[{"id":2457,"href":"https:\/\/www.wow-show.com\/de\/wp-json\/wp\/v2\/pages\/2105\/revisions\/2457"}],"wp:attachment":[{"href":"https:\/\/www.wow-show.com\/de\/wp-json\/wp\/v2\/media?parent=2105"}],"curies":[{"name":"wp","href":"https:\/\/api.w.org\/{rel}","templated":true}]}}