{"id":2041,"date":"2019-11-11T13:23:37","date_gmt":"2019-11-11T12:23:37","guid":{"rendered":"https:\/\/www.wow-show.com\/about\/"},"modified":"2019-11-26T15:15:54","modified_gmt":"2019-11-26T14:15:54","slug":"about","status":"publish","type":"page","link":"https:\/\/www.wow-show.com\/de\/the-story-of-wow\/about\/","title":{"rendered":"\u00dcber uns"},"content":{"rendered":"<div class=\"wpb-content-wrapper\"><p>[vc_row gap=&#8220;15&#8243;][vc_column el_class=&#8220;mytitle&#8220;][vc_column_text]<\/p>\n<h2>\u00dcber uns<\/h2>\n<p>[\/vc_column_text][\/vc_column][vc_column width=&#8220;2\/3&#8243;][vc_column_text]Das schwarze Theater WOW, spielt f\u00fcr euch schon 15 Jahre lang. In dieser Zeit konnten wir in vielen L\u00e4ndern und mit dieser ungewohnten Spielart uns zu vorstellen. Wir gastierten in den Nachbarsl\u00e4ndern, wie der Slowakei, Deutschland oder Polen, Das ist aber nicht alles, auf Malta spielten wir sogar f\u00fcr den maltesischen Pr\u00e4sidenten, mit unserer Show besuchten wir auch Griechenland, Katar, T\u00fcrkei, Equador, Rusland und auch Indien.<\/p>\n<p>Vier Jahre lang haben wir erfolgreich mit der Agentur Czech Tourism mitgearbeitet, Dank derer wir auf unz\u00e4hligen Austellungen und Messen auf der ganzen Welt Auftritte hatten.<\/p>\n<p>Unsere Vorstellungen sind f\u00fcr die breite \u00d6ffentlichkeit gedacht, aber wir werden auch angagiert von Firmen und Grossvereinen, f\u00fcr ihre Parties. Nebenher sind wir auch bem\u00fcht Workshops zu organisieren und wir machen es sehr gerne.<\/p>\n<p>\u00dcberzeugt euch selber, egal ob in unserem Theater oder auf ihrer privaten Auktion, wir kommen gerne hin.[\/vc_column_text][\/vc_column][vc_column width=&#8220;1\/3&#8243;][vc_wp_custommenu nav_menu=&#8220;4&#8243;][\/vc_column][\/vc_row]<\/p>\n<\/div>","protected":false},"excerpt":{"rendered":"<p>[vc_row gap=&#8220;15&#8243;][vc_column el_class=&#8220;mytitle&#8220;][vc_column_text] \u00dcber uns [\/vc_column_text][\/vc_column][vc_column width=&#8220;2\/3&#8243;][vc_column_text]Das schwarze Theater WOW, spielt f\u00fcr euch schon 15 Jahre lang. In dieser Zeit konnten wir in vielen L\u00e4ndern und mit dieser ungewohnten Spielart uns zu vorstellen. Wir gastierten in den Nachbarsl\u00e4ndern, wie der Slowakei, Deutschland oder Polen, Das ist aber nicht alles, auf Malta spielten wir sogar f\u00fcr&hellip;<\/p>\n","protected":false},"author":4,"featured_media":0,"parent":2105,"menu_order":7,"comment_status":"closed","ping_status":"closed","template":"","meta":{"_acf_changed":false,"footnotes":""},"class_list":["post-2041","page","type-page","status-publish","hentry","description-off"],"acf":[],"yoast_head":"<!-- This site is optimized with the Yoast SEO Premium plugin v25.6 (Yoast SEO v25.6) - https:\/\/yoast.com\/wordpress\/plugins\/seo\/ -->\n<title>\u00dcber uns | WOW show<\/title>\n<meta name=\"robots\" content=\"index, follow, max-snippet:-1, max-image-preview:large, max-video-preview:-1\" \/>\n<link rel=\"canonical\" href=\"https:\/\/www.wow-show.com\/de\/the-story-of-wow\/about\/\" \/>\n<meta property=\"og:locale\" content=\"de_DE\" \/>\n<meta property=\"og:type\" content=\"article\" \/>\n<meta property=\"og:title\" content=\"\u00dcber uns\" \/>\n<meta property=\"og:description\" content=\"[vc_row gap=&#8220;15&#8243;][vc_column el_class=&#8220;mytitle&#8220;][vc_column_text] \u00dcber uns [\/vc_column_text][\/vc_column][vc_column width=&#8220;2\/3&#8243;][vc_column_text]Das schwarze Theater WOW, spielt f\u00fcr euch schon 15 Jahre lang. In dieser Zeit konnten wir in vielen L\u00e4ndern und mit dieser ungewohnten Spielart uns zu vorstellen. Wir gastierten in den Nachbarsl\u00e4ndern, wie der Slowakei, Deutschland oder Polen, Das ist aber nicht alles, auf Malta spielten wir sogar f\u00fcr&hellip;\" \/>\n<meta property=\"og:url\" content=\"https:\/\/www.wow-show.com\/de\/the-story-of-wow\/about\/\" \/>\n<meta property=\"og:site_name\" content=\"WOW show\" \/>\n<meta property=\"article:publisher\" content=\"https:\/\/www.facebook.com\/wowshowprague\" \/>\n<meta property=\"article:modified_time\" content=\"2019-11-26T14:15:54+00:00\" \/>\n<meta name=\"twitter:card\" content=\"summary_large_image\" \/>\n<meta name=\"twitter:label1\" content=\"Gesch\u00e4tzte Lesezeit\" \/>\n\t<meta name=\"twitter:data1\" content=\"1\u00a0Minute\" \/>\n<script type=\"application\/ld+json\" class=\"yoast-schema-graph\">{\"@context\":\"https:\/\/schema.org\",\"@graph\":[{\"@type\":\"WebPage\",\"@id\":\"https:\/\/www.wow-show.com\/de\/the-story-of-wow\/about\/\",\"url\":\"https:\/\/www.wow-show.com\/de\/the-story-of-wow\/about\/\",\"name\":\"\u00dcber uns | WOW show\",\"isPartOf\":{\"@id\":\"https:\/\/www.wow-show.com\/cs\/#website\"},\"datePublished\":\"2019-11-11T12:23:37+00:00\",\"dateModified\":\"2019-11-26T14:15:54+00:00\",\"breadcrumb\":{\"@id\":\"https:\/\/www.wow-show.com\/de\/the-story-of-wow\/about\/#breadcrumb\"},\"inLanguage\":\"de\",\"potentialAction\":[{\"@type\":\"ReadAction\",\"target\":[\"https:\/\/www.wow-show.com\/de\/the-story-of-wow\/about\/\"]}]},{\"@type\":\"BreadcrumbList\",\"@id\":\"https:\/\/www.wow-show.com\/de\/the-story-of-wow\/about\/#breadcrumb\",\"itemListElement\":[{\"@type\":\"ListItem\",\"position\":1,\"name\":\"Home\",\"item\":\"https:\/\/www.wow-show.com\/de\/\"},{\"@type\":\"ListItem\",\"position\":2,\"name\":\"Geschichte WOW\",\"item\":\"https:\/\/www.wow-show.com\/de\/the-story-of-wow\/\"},{\"@type\":\"ListItem\",\"position\":3,\"name\":\"\u00dcber uns\"}]},{\"@type\":\"WebSite\",\"@id\":\"https:\/\/www.wow-show.com\/cs\/#website\",\"url\":\"https:\/\/www.wow-show.com\/cs\/\",\"name\":\"WOW show\",\"description\":\"The best interactive show in Prague\",\"publisher\":{\"@id\":\"https:\/\/www.wow-show.com\/cs\/#\/schema\/person\/8748b86dc138b33cde9e87c488463a5b\"},\"potentialAction\":[{\"@type\":\"SearchAction\",\"target\":{\"@type\":\"EntryPoint\",\"urlTemplate\":\"https:\/\/www.wow-show.com\/cs\/?s={search_term_string}\"},\"query-input\":{\"@type\":\"PropertyValueSpecification\",\"valueRequired\":true,\"valueName\":\"search_term_string\"}}],\"inLanguage\":\"de\"},{\"@type\":[\"Person\",\"Organization\"],\"@id\":\"https:\/\/www.wow-show.com\/cs\/#\/schema\/person\/8748b86dc138b33cde9e87c488463a5b\",\"name\":\"hanka\",\"image\":{\"@type\":\"ImageObject\",\"inLanguage\":\"de\",\"@id\":\"https:\/\/www.wow-show.com\/cs\/#\/schema\/person\/image\/\",\"url\":\"https:\/\/www.wow-show.com\/wp-content\/uploads\/logo.png\",\"contentUrl\":\"https:\/\/www.wow-show.com\/wp-content\/uploads\/logo.png\",\"width\":250,\"height\":105,\"caption\":\"hanka\"},\"logo\":{\"@id\":\"https:\/\/www.wow-show.com\/cs\/#\/schema\/person\/image\/\"},\"sameAs\":[\"https:\/\/www.wow-show.com\/\",\"https:\/\/www.facebook.com\/wowshowprague\",\"https:\/\/www.instagram.com\/wowshowprague\/\"]}]}<\/script>\n<!-- \/ Yoast SEO Premium plugin. -->","yoast_head_json":{"title":"\u00dcber uns | WOW show","robots":{"index":"index","follow":"follow","max-snippet":"max-snippet:-1","max-image-preview":"max-image-preview:large","max-video-preview":"max-video-preview:-1"},"canonical":"https:\/\/www.wow-show.com\/de\/the-story-of-wow\/about\/","og_locale":"de_DE","og_type":"article","og_title":"\u00dcber uns","og_description":"[vc_row gap=&#8220;15&#8243;][vc_column el_class=&#8220;mytitle&#8220;][vc_column_text] \u00dcber uns [\/vc_column_text][\/vc_column][vc_column width=&#8220;2\/3&#8243;][vc_column_text]Das schwarze Theater WOW, spielt f\u00fcr euch schon 15 Jahre lang. In dieser Zeit konnten wir in vielen L\u00e4ndern und mit dieser ungewohnten Spielart uns zu vorstellen. Wir gastierten in den Nachbarsl\u00e4ndern, wie der Slowakei, Deutschland oder Polen, Das ist aber nicht alles, auf Malta spielten wir sogar f\u00fcr&hellip;","og_url":"https:\/\/www.wow-show.com\/de\/the-story-of-wow\/about\/","og_site_name":"WOW show","article_publisher":"https:\/\/www.facebook.com\/wowshowprague","article_modified_time":"2019-11-26T14:15:54+00:00","twitter_card":"summary_large_image","twitter_misc":{"Gesch\u00e4tzte Lesezeit":"1\u00a0Minute"},"schema":{"@context":"https:\/\/schema.org","@graph":[{"@type":"WebPage","@id":"https:\/\/www.wow-show.com\/de\/the-story-of-wow\/about\/","url":"https:\/\/www.wow-show.com\/de\/the-story-of-wow\/about\/","name":"\u00dcber uns | WOW show","isPartOf":{"@id":"https:\/\/www.wow-show.com\/cs\/#website"},"datePublished":"2019-11-11T12:23:37+00:00","dateModified":"2019-11-26T14:15:54+00:00","breadcrumb":{"@id":"https:\/\/www.wow-show.com\/de\/the-story-of-wow\/about\/#breadcrumb"},"inLanguage":"de","potentialAction":[{"@type":"ReadAction","target":["https:\/\/www.wow-show.com\/de\/the-story-of-wow\/about\/"]}]},{"@type":"BreadcrumbList","@id":"https:\/\/www.wow-show.com\/de\/the-story-of-wow\/about\/#breadcrumb","itemListElement":[{"@type":"ListItem","position":1,"name":"Home","item":"https:\/\/www.wow-show.com\/de\/"},{"@type":"ListItem","position":2,"name":"Geschichte WOW","item":"https:\/\/www.wow-show.com\/de\/the-story-of-wow\/"},{"@type":"ListItem","position":3,"name":"\u00dcber uns"}]},{"@type":"WebSite","@id":"https:\/\/www.wow-show.com\/cs\/#website","url":"https:\/\/www.wow-show.com\/cs\/","name":"WOW show","description":"The best interactive show in Prague","publisher":{"@id":"https:\/\/www.wow-show.com\/cs\/#\/schema\/person\/8748b86dc138b33cde9e87c488463a5b"},"potentialAction":[{"@type":"SearchAction","target":{"@type":"EntryPoint","urlTemplate":"https:\/\/www.wow-show.com\/cs\/?s={search_term_string}"},"query-input":{"@type":"PropertyValueSpecification","valueRequired":true,"valueName":"search_term_string"}}],"inLanguage":"de"},{"@type":["Person","Organization"],"@id":"https:\/\/www.wow-show.com\/cs\/#\/schema\/person\/8748b86dc138b33cde9e87c488463a5b","name":"hanka","image":{"@type":"ImageObject","inLanguage":"de","@id":"https:\/\/www.wow-show.com\/cs\/#\/schema\/person\/image\/","url":"https:\/\/www.wow-show.com\/wp-content\/uploads\/logo.png","contentUrl":"https:\/\/www.wow-show.com\/wp-content\/uploads\/logo.png","width":250,"height":105,"caption":"hanka"},"logo":{"@id":"https:\/\/www.wow-show.com\/cs\/#\/schema\/person\/image\/"},"sameAs":["https:\/\/www.wow-show.com\/","https:\/\/www.facebook.com\/wowshowprague","https:\/\/www.instagram.com\/wowshowprague\/"]}]}},"_links":{"self":[{"href":"https:\/\/www.wow-show.com\/de\/wp-json\/wp\/v2\/pages\/2041"}],"collection":[{"href":"https:\/\/www.wow-show.com\/de\/wp-json\/wp\/v2\/pages"}],"about":[{"href":"https:\/\/www.wow-show.com\/de\/wp-json\/wp\/v2\/types\/page"}],"author":[{"embeddable":true,"href":"https:\/\/www.wow-show.com\/de\/wp-json\/wp\/v2\/users\/4"}],"replies":[{"embeddable":true,"href":"https:\/\/www.wow-show.com\/de\/wp-json\/wp\/v2\/comments?post=2041"}],"version-history":[{"count":2,"href":"https:\/\/www.wow-show.com\/de\/wp-json\/wp\/v2\/pages\/2041\/revisions"}],"predecessor-version":[{"id":2470,"href":"https:\/\/www.wow-show.com\/de\/wp-json\/wp\/v2\/pages\/2041\/revisions\/2470"}],"up":[{"embeddable":true,"href":"https:\/\/www.wow-show.com\/de\/wp-json\/wp\/v2\/pages\/2105"}],"wp:attachment":[{"href":"https:\/\/www.wow-show.com\/de\/wp-json\/wp\/v2\/media?parent=2041"}],"curies":[{"name":"wp","href":"https:\/\/api.w.org\/{rel}","templated":true}]}}