{"id":2096,"date":"2019-11-11T13:21:33","date_gmt":"2019-11-11T12:21:33","guid":{"rendered":"https:\/\/www.wow-show.com\/theatre-secret\/"},"modified":"2019-11-26T15:57:06","modified_gmt":"2019-11-26T14:57:06","slug":"theatre-secret","status":"publish","type":"page","link":"https:\/\/www.wow-show.com\/cs\/the-story-of-wow\/theatre-secret\/","title":{"rendered":"Tajemstv\u00ed divadla"},"content":{"rendered":"<div class=\"wpb-content-wrapper\"><p>[vc_row gap=&#8220;15&#8243;][vc_column el_class=&#8220;mytitle&#8220;][vc_column_text]<\/p>\n<h2>Tajemstv\u00ed \u010dern\u00e9ho divadla<\/h2>\n<p>[\/vc_column_text][\/vc_column][vc_column width=&#8220;2\/3&#8243;][vc_column_text]<\/p>\n<h3>Optick\u00e1 iluze<\/h3>\n<p>\u010cern\u00e9 divadlo m\u00e1 sv\u00e9 nezam\u011bniteln\u00e9 kouzlo. Jeho magick\u00e1 p\u0159ita\u017elivost je u\u017e od sv\u00e9ho vzniku ve starov\u011bk\u00e9 \u010c\u00edn\u011b zalo\u017eena na prost\u00e9m a temn\u00e9m tajemstv\u00ed &#8211; je j\u00edm tma sama.<\/p>\n<p>Herci jsou od\u011bni do \u010dern\u00fdch kost\u00fdm\u016f, nos\u00ed \u010dern\u00e9 rukavice a \u010dern\u00e9 masky, ve kter\u00fdch jsou jen otvory pro o\u010di. Tito \u201e\u010dern\u00ed lid\u00e9\u201c jsou pro div\u00e1ka neviditeln\u00e9 postavy, kter\u00e9 ale umo\u017e\u0148uj\u00ed prakticky ve\u0161ker\u00fd magick\u00fd pohyb na sc\u00e9n\u011b.<\/p>\n<p>Stovky metr\u016f \u010dern\u00e9 l\u00e1tky, kter\u00e9 se rozprost\u00edraj\u00ed za ka\u017edou \u010dernou postavou, a fluorescen\u010dn\u00ed sv\u011btlo, kter\u00e9 zv\u00fdraz\u0148uje pouze p\u0159edm\u011bty namalovan\u00e9 fluoreskuj\u00edc\u00ed barvou, to jsou stavebn\u00ed kameny \u00fasp\u011b\u0161n\u00e9 optick\u00e9 iluze divadeln\u00edho p\u0159edstaven\u00ed \u010dern\u00e9ho divadla.<\/p>\n<h3>\u010cern\u00e1 sk\u0159\u00ed\u0148ka<\/h3>\n<p>\u010cern\u00ed lid\u00e9 na sc\u00e9n\u011b vid\u00ed v\u0161e, ale sami d\u00edky okoln\u00ed tm\u011b vid\u011bni nejsou. Herci pohybuj\u00ed objekty namalovan\u00fdmi fluoreskuj\u00edc\u00ed barvou tak, \u017ee se zd\u00e1, jakoby se tyto p\u0159edm\u011bty vzn\u00e1\u0161ely ve vzduchu. D\u00edky tomu um\u00ed tane\u010dnice pomalovan\u00e1 fluoreskuj\u00edc\u00ed barvou l\u00e9tat a vzn\u00e1\u0161et se nad zem\u00ed &#8211; ve vzduchu ji dr\u017e\u00ed mu\u017e od\u011bn\u00fd cel\u00fd v \u010dern\u00e9m &#8211; herec, kter\u00e9ho v\u0161ak div\u00e1ci nespat\u0159\u00ed.<\/p>\n<p>Pro \u00fasp\u011bch tohoto kouzla je nutn\u00e9, aby byl cel\u00fd divadeln\u00ed s\u00e1l zcela pono\u0159en do tmy a b\u011bhem p\u0159edstaven\u00ed z\u016fstal zatemn\u011bn\u00fd. Jevi\u0161t\u011b i hledi\u0161t\u011b v \u010derno\u010dern\u00e9 tm\u011b, do kter\u00e9 nesm\u00ed proniknout \u017e\u00e1dn\u00e9 sv\u011btlo. To je ona kouzeln\u00e1 \u201e\u010dern\u00e1 sk\u0159\u00ed\u0148ka\u201c, kter\u00e1 dala \u010dern\u00e9mu divadlu jeho jm\u00e9no.<\/p>\n<p>P\u0159edstaven\u00ed WOW show spol\u00e9h\u00e1 na kouzlo tmy. Jde o mocn\u00e9 a p\u0159itom velmi k\u0159ehk\u00e9 kouzlo &#8211; i jeden slab\u00fd paprsek sv\u011btla m\u00e1 s\u00edlu toto tajemstv\u00ed r\u00e1zem odhalit.[\/vc_column_text][\/vc_column][vc_column width=&#8220;1\/3&#8243;][vc_wp_custommenu nav_menu=&#8220;4&#8243;][vc_single_image image=&#8220;153&#8243; img_size=&#8220;full&#8220;][\/vc_column][\/vc_row]<\/p>\n<\/div>","protected":false},"excerpt":{"rendered":"<p>[vc_row gap=&#8220;15&#8243;][vc_column el_class=&#8220;mytitle&#8220;][vc_column_text] Tajemstv\u00ed \u010dern\u00e9ho divadla [\/vc_column_text][\/vc_column][vc_column width=&#8220;2\/3&#8243;][vc_column_text] Optick\u00e1 iluze \u010cern\u00e9 divadlo m\u00e1 sv\u00e9 nezam\u011bniteln\u00e9 kouzlo. Jeho magick\u00e1 p\u0159ita\u017elivost je u\u017e od sv\u00e9ho vzniku ve starov\u011bk\u00e9 \u010c\u00edn\u011b zalo\u017eena na prost\u00e9m a temn\u00e9m tajemstv\u00ed &#8211; je j\u00edm tma sama. Herci jsou od\u011bni do \u010dern\u00fdch kost\u00fdm\u016f, nos\u00ed \u010dern\u00e9 rukavice a \u010dern\u00e9 masky, ve kter\u00fdch jsou jen otvory&hellip;<\/p>\n","protected":false},"author":4,"featured_media":0,"parent":2104,"menu_order":4,"comment_status":"closed","ping_status":"closed","template":"","meta":{"_acf_changed":false,"footnotes":""},"class_list":["post-2096","page","type-page","status-publish","hentry","description-off"],"acf":[],"yoast_head":"<!-- This site is optimized with the Yoast SEO Premium plugin v25.6 (Yoast SEO v25.6) - https:\/\/yoast.com\/wordpress\/plugins\/seo\/ -->\n<title>Tajemstv\u00ed divadla | WOW show<\/title>\n<meta name=\"robots\" content=\"index, follow, max-snippet:-1, max-image-preview:large, max-video-preview:-1\" \/>\n<link rel=\"canonical\" href=\"https:\/\/www.wow-show.com\/cs\/the-story-of-wow\/theatre-secret\/\" \/>\n<meta property=\"og:locale\" content=\"cs_CZ\" \/>\n<meta property=\"og:type\" content=\"article\" \/>\n<meta property=\"og:title\" content=\"Tajemstv\u00ed divadla\" \/>\n<meta property=\"og:description\" content=\"[vc_row gap=&#8220;15&#8243;][vc_column el_class=&#8220;mytitle&#8220;][vc_column_text] Tajemstv\u00ed \u010dern\u00e9ho divadla [\/vc_column_text][\/vc_column][vc_column width=&#8220;2\/3&#8243;][vc_column_text] Optick\u00e1 iluze \u010cern\u00e9 divadlo m\u00e1 sv\u00e9 nezam\u011bniteln\u00e9 kouzlo. Jeho magick\u00e1 p\u0159ita\u017elivost je u\u017e od sv\u00e9ho vzniku ve starov\u011bk\u00e9 \u010c\u00edn\u011b zalo\u017eena na prost\u00e9m a temn\u00e9m tajemstv\u00ed &#8211; je j\u00edm tma sama. Herci jsou od\u011bni do \u010dern\u00fdch kost\u00fdm\u016f, nos\u00ed \u010dern\u00e9 rukavice a \u010dern\u00e9 masky, ve kter\u00fdch jsou jen otvory&hellip;\" \/>\n<meta property=\"og:url\" content=\"https:\/\/www.wow-show.com\/cs\/the-story-of-wow\/theatre-secret\/\" \/>\n<meta property=\"og:site_name\" content=\"WOW show\" \/>\n<meta property=\"article:publisher\" content=\"https:\/\/www.facebook.com\/wowshowprague\" \/>\n<meta property=\"article:modified_time\" content=\"2019-11-26T14:57:06+00:00\" \/>\n<meta name=\"twitter:card\" content=\"summary_large_image\" \/>\n<meta name=\"twitter:label1\" content=\"Odhadovan\u00e1 doba \u010dten\u00ed\" \/>\n\t<meta name=\"twitter:data1\" content=\"2 minuty\" \/>\n<script type=\"application\/ld+json\" class=\"yoast-schema-graph\">{\"@context\":\"https:\/\/schema.org\",\"@graph\":[{\"@type\":\"WebPage\",\"@id\":\"https:\/\/www.wow-show.com\/cs\/the-story-of-wow\/theatre-secret\/\",\"url\":\"https:\/\/www.wow-show.com\/cs\/the-story-of-wow\/theatre-secret\/\",\"name\":\"Tajemstv\u00ed divadla | WOW show\",\"isPartOf\":{\"@id\":\"https:\/\/www.wow-show.com\/cs\/#website\"},\"datePublished\":\"2019-11-11T12:21:33+00:00\",\"dateModified\":\"2019-11-26T14:57:06+00:00\",\"breadcrumb\":{\"@id\":\"https:\/\/www.wow-show.com\/cs\/the-story-of-wow\/theatre-secret\/#breadcrumb\"},\"inLanguage\":\"cs\",\"potentialAction\":[{\"@type\":\"ReadAction\",\"target\":[\"https:\/\/www.wow-show.com\/cs\/the-story-of-wow\/theatre-secret\/\"]}]},{\"@type\":\"BreadcrumbList\",\"@id\":\"https:\/\/www.wow-show.com\/cs\/the-story-of-wow\/theatre-secret\/#breadcrumb\",\"itemListElement\":[{\"@type\":\"ListItem\",\"position\":1,\"name\":\"Home\",\"item\":\"https:\/\/www.wow-show.com\/cs\/\"},{\"@type\":\"ListItem\",\"position\":2,\"name\":\"P\u0159\u00edb\u011bh WOW\",\"item\":\"https:\/\/www.wow-show.com\/cs\/the-story-of-wow\/\"},{\"@type\":\"ListItem\",\"position\":3,\"name\":\"Tajemstv\u00ed divadla\"}]},{\"@type\":\"WebSite\",\"@id\":\"https:\/\/www.wow-show.com\/cs\/#website\",\"url\":\"https:\/\/www.wow-show.com\/cs\/\",\"name\":\"WOW show\",\"description\":\"The best interactive show in Prague\",\"publisher\":{\"@id\":\"https:\/\/www.wow-show.com\/cs\/#\/schema\/person\/8748b86dc138b33cde9e87c488463a5b\"},\"potentialAction\":[{\"@type\":\"SearchAction\",\"target\":{\"@type\":\"EntryPoint\",\"urlTemplate\":\"https:\/\/www.wow-show.com\/cs\/?s={search_term_string}\"},\"query-input\":{\"@type\":\"PropertyValueSpecification\",\"valueRequired\":true,\"valueName\":\"search_term_string\"}}],\"inLanguage\":\"cs\"},{\"@type\":[\"Person\",\"Organization\"],\"@id\":\"https:\/\/www.wow-show.com\/cs\/#\/schema\/person\/8748b86dc138b33cde9e87c488463a5b\",\"name\":\"hanka\",\"image\":{\"@type\":\"ImageObject\",\"inLanguage\":\"cs\",\"@id\":\"https:\/\/www.wow-show.com\/cs\/#\/schema\/person\/image\/\",\"url\":\"https:\/\/www.wow-show.com\/wp-content\/uploads\/logo.png\",\"contentUrl\":\"https:\/\/www.wow-show.com\/wp-content\/uploads\/logo.png\",\"width\":250,\"height\":105,\"caption\":\"hanka\"},\"logo\":{\"@id\":\"https:\/\/www.wow-show.com\/cs\/#\/schema\/person\/image\/\"},\"sameAs\":[\"https:\/\/www.wow-show.com\/\",\"https:\/\/www.facebook.com\/wowshowprague\",\"https:\/\/www.instagram.com\/wowshowprague\/\"]}]}<\/script>\n<!-- \/ Yoast SEO Premium plugin. -->","yoast_head_json":{"title":"Tajemstv\u00ed divadla | WOW show","robots":{"index":"index","follow":"follow","max-snippet":"max-snippet:-1","max-image-preview":"max-image-preview:large","max-video-preview":"max-video-preview:-1"},"canonical":"https:\/\/www.wow-show.com\/cs\/the-story-of-wow\/theatre-secret\/","og_locale":"cs_CZ","og_type":"article","og_title":"Tajemstv\u00ed divadla","og_description":"[vc_row gap=&#8220;15&#8243;][vc_column el_class=&#8220;mytitle&#8220;][vc_column_text] Tajemstv\u00ed \u010dern\u00e9ho divadla [\/vc_column_text][\/vc_column][vc_column width=&#8220;2\/3&#8243;][vc_column_text] Optick\u00e1 iluze \u010cern\u00e9 divadlo m\u00e1 sv\u00e9 nezam\u011bniteln\u00e9 kouzlo. Jeho magick\u00e1 p\u0159ita\u017elivost je u\u017e od sv\u00e9ho vzniku ve starov\u011bk\u00e9 \u010c\u00edn\u011b zalo\u017eena na prost\u00e9m a temn\u00e9m tajemstv\u00ed &#8211; je j\u00edm tma sama. Herci jsou od\u011bni do \u010dern\u00fdch kost\u00fdm\u016f, nos\u00ed \u010dern\u00e9 rukavice a \u010dern\u00e9 masky, ve kter\u00fdch jsou jen otvory&hellip;","og_url":"https:\/\/www.wow-show.com\/cs\/the-story-of-wow\/theatre-secret\/","og_site_name":"WOW show","article_publisher":"https:\/\/www.facebook.com\/wowshowprague","article_modified_time":"2019-11-26T14:57:06+00:00","twitter_card":"summary_large_image","twitter_misc":{"Odhadovan\u00e1 doba \u010dten\u00ed":"2 minuty"},"schema":{"@context":"https:\/\/schema.org","@graph":[{"@type":"WebPage","@id":"https:\/\/www.wow-show.com\/cs\/the-story-of-wow\/theatre-secret\/","url":"https:\/\/www.wow-show.com\/cs\/the-story-of-wow\/theatre-secret\/","name":"Tajemstv\u00ed divadla | WOW show","isPartOf":{"@id":"https:\/\/www.wow-show.com\/cs\/#website"},"datePublished":"2019-11-11T12:21:33+00:00","dateModified":"2019-11-26T14:57:06+00:00","breadcrumb":{"@id":"https:\/\/www.wow-show.com\/cs\/the-story-of-wow\/theatre-secret\/#breadcrumb"},"inLanguage":"cs","potentialAction":[{"@type":"ReadAction","target":["https:\/\/www.wow-show.com\/cs\/the-story-of-wow\/theatre-secret\/"]}]},{"@type":"BreadcrumbList","@id":"https:\/\/www.wow-show.com\/cs\/the-story-of-wow\/theatre-secret\/#breadcrumb","itemListElement":[{"@type":"ListItem","position":1,"name":"Home","item":"https:\/\/www.wow-show.com\/cs\/"},{"@type":"ListItem","position":2,"name":"P\u0159\u00edb\u011bh WOW","item":"https:\/\/www.wow-show.com\/cs\/the-story-of-wow\/"},{"@type":"ListItem","position":3,"name":"Tajemstv\u00ed divadla"}]},{"@type":"WebSite","@id":"https:\/\/www.wow-show.com\/cs\/#website","url":"https:\/\/www.wow-show.com\/cs\/","name":"WOW show","description":"The best interactive show in Prague","publisher":{"@id":"https:\/\/www.wow-show.com\/cs\/#\/schema\/person\/8748b86dc138b33cde9e87c488463a5b"},"potentialAction":[{"@type":"SearchAction","target":{"@type":"EntryPoint","urlTemplate":"https:\/\/www.wow-show.com\/cs\/?s={search_term_string}"},"query-input":{"@type":"PropertyValueSpecification","valueRequired":true,"valueName":"search_term_string"}}],"inLanguage":"cs"},{"@type":["Person","Organization"],"@id":"https:\/\/www.wow-show.com\/cs\/#\/schema\/person\/8748b86dc138b33cde9e87c488463a5b","name":"hanka","image":{"@type":"ImageObject","inLanguage":"cs","@id":"https:\/\/www.wow-show.com\/cs\/#\/schema\/person\/image\/","url":"https:\/\/www.wow-show.com\/wp-content\/uploads\/logo.png","contentUrl":"https:\/\/www.wow-show.com\/wp-content\/uploads\/logo.png","width":250,"height":105,"caption":"hanka"},"logo":{"@id":"https:\/\/www.wow-show.com\/cs\/#\/schema\/person\/image\/"},"sameAs":["https:\/\/www.wow-show.com\/","https:\/\/www.facebook.com\/wowshowprague","https:\/\/www.instagram.com\/wowshowprague\/"]}]}},"_links":{"self":[{"href":"https:\/\/www.wow-show.com\/cs\/wp-json\/wp\/v2\/pages\/2096"}],"collection":[{"href":"https:\/\/www.wow-show.com\/cs\/wp-json\/wp\/v2\/pages"}],"about":[{"href":"https:\/\/www.wow-show.com\/cs\/wp-json\/wp\/v2\/types\/page"}],"author":[{"embeddable":true,"href":"https:\/\/www.wow-show.com\/cs\/wp-json\/wp\/v2\/users\/4"}],"replies":[{"embeddable":true,"href":"https:\/\/www.wow-show.com\/cs\/wp-json\/wp\/v2\/comments?post=2096"}],"version-history":[{"count":3,"href":"https:\/\/www.wow-show.com\/cs\/wp-json\/wp\/v2\/pages\/2096\/revisions"}],"predecessor-version":[{"id":2479,"href":"https:\/\/www.wow-show.com\/cs\/wp-json\/wp\/v2\/pages\/2096\/revisions\/2479"}],"up":[{"embeddable":true,"href":"https:\/\/www.wow-show.com\/cs\/wp-json\/wp\/v2\/pages\/2104"}],"wp:attachment":[{"href":"https:\/\/www.wow-show.com\/cs\/wp-json\/wp\/v2\/media?parent=2096"}],"curies":[{"name":"wp","href":"https:\/\/api.w.org\/{rel}","templated":true}]}}