{"id":2080,"date":"2019-11-11T13:26:10","date_gmt":"2019-11-11T12:26:10","guid":{"rendered":"https:\/\/www.wow-show.com\/contact\/"},"modified":"2020-02-17T22:24:32","modified_gmt":"2020-02-17T21:24:32","slug":"contact","status":"publish","type":"page","link":"https:\/\/www.wow-show.com\/cs\/contact\/","title":{"rendered":"Kontakt"},"content":{"rendered":"<div class=\"wpb-content-wrapper\"><p>[vc_row gap=&#8220;15&#8243; el_class=&#8220;mytitle&#8220;][vc_column width=&#8220;2\/3&#8243;][vc_column_text]<\/p>\n<h2>Adresa divadla<\/h2>\n<p>Theatre Broadway<br \/>\nNa P\u0159\u00edkop\u011b 31, Praha 1<br \/>\nCzech Republic<\/p>\n<p>Divadlo Broadway se nach\u00e1z\u00ed v pas\u00e1\u017ei Broadway, kter\u00e1 spojuje ulici Na P\u0159\u00edkop\u011b s ulic\u00ed Celetnou.<br \/>\nVstup do pas\u00e1\u017ee je mo\u017en\u00fd z obou stran, jak z ulice Na P\u0159\u00edkop\u011b (31) tak z ulice Celetn\u00e9 (38).<\/p>\n<p>Nejbli\u017e\u0161\u00ed zast\u00e1vka metra je N\u00e1m\u011bst\u00ed Republiky (linka B) \u010di M\u016fstek (linka A\/B).[\/vc_column_text][vc_gmaps link=&#8220;#E-8_JTNDaWZyYW1lJTIwc3JjJTNEJTIyaHR0cHMlM0ElMkYlMkZ3d3cuZ29vZ2xlLmNvbSUyRm1hcHMlMkZlbWJlZCUzRnBiJTNEJTIxMW0xOCUyMTFtMTIlMjExbTMlMjExZDI1NTkuOTg0MTU1MjU5OTA2NCUyMTJkMTQuNDI0NzMwMDE1NTE5ODA0JTIxM2Q1MC4wODY1ODM1MjEzOTczMiUyMTJtMyUyMTFmMCUyMTJmMCUyMTNmMCUyMTNtMiUyMTFpMTAyNCUyMTJpNzY4JTIxNGYxMy4xJTIxM20zJTIxMW0yJTIxMXMweDQ3MGI5NDkyOWVmODgyNDclMjUzQTB4MTJmOWI5ZDQwZTMwZDkzMSUyMTJzV09XJTI1MjAtJTI1MjBCbGFjayUyNTIwTGlnaHQlMjUyMFRoZWF0ZXIlMjE1ZTAlMjEzbTIlMjExc2NzJTIxMnNjeiUyMTR2MTU3OTI3OTkwNzgwNSUyMTVtMiUyMTFzY3MlMjEyc2N6JTIyJTIwd2lkdGglM0QlMjI2MDAlMjIlMjBoZWlnaHQlM0QlMjI0NTAlMjIlMjBmcmFtZWJvcmRlciUzRCUyMjAlMjIlMjBzdHlsZSUzRCUyMmJvcmRlciUzQTAlM0IlMjIlMjBhbGxvd2Z1bGxzY3JlZW4lM0QlMjIlMjIlM0UlM0MlMkZpZnJhbWUlM0U=&#8220; size=&#8220;385&#8243;][\/vc_column][vc_column width=&#8220;1\/3&#8243;][vc_column_text]<\/p>\n<h3>Pokladna<\/h3>\n<p>+ 420 777 061 623<br \/>\n+ 420 225 113 194<\/p>\n<h3>Otev\u00edrac\u00ed doba<\/h3>\n<p>Monday \u2013 Sunday<br \/>\nsince 12:00 p.m. &#8211; until start of the show (20:00 or 21:30 &#8211; info available in programme)<\/p>\n<h3>Kancel\u00e1\u0159 produkce<\/h3>\n<p>+ 420 225 113 115<br \/>\n+ 420 777 822 572<br \/>\ne-mail: <a href=\"mailto:info@wow-show.com\">info@wow-show.com<\/a><\/p>\n<h3>Firemn\u00ed \u00fadaje<\/h3>\n<p>Wow Projects s.r.o.<br \/>\nVrchlick\u00e9ho 824<br \/>\n411 17 Libochovice<br \/>\nCzech Republic<\/p>\n<p>I\u010c: 27078035<br \/>\nDI\u010c: CZ27078035<br \/>\nKrajsk\u00fd soud v \u00dast\u00ed nad Labem, odd\u00edl C, vlo\u017eka 42009[\/vc_column_text][\/vc_column][vc_column][vc_raw_html]JTNDZGl2JTIwY2xhc3MlM0QlMjJwaWMtdGFicyUyMiUzRSUzQ3NwYW4lMjB0YXJnJTNEJTIydGFiLW1haW4lMjIlMjBjbGFzcyUzRCUyMmFjdC10YWIlMjIlMjAlM0VIbGF2biVDMyVBRCUyMHZjaG9kJTNDJTJGc3BhbiUzRSUzQ3NwYW4lMjB0YXJnJTNEJTIydGFiLWJhY2slMjIlM0VaYWRuJUMzJUFEJTIwdmNob2QlM0MlMkZzcGFuJTNFJTNDc3BhbiUyMHRhcmclM0QlMjJ0YWItdGlja2V0cyUyMiUzRVRpY2tldCUyMGJveCUzQyUyRnNwYW4lM0UlM0MlMkZkaXYlM0U=[\/vc_raw_html][vc_single_image image=&#8220;254&#8243; img_size=&#8220;full&#8220; add_caption=&#8220;yes&#8220; alignment=&#8220;center&#8220; onclick=&#8220;link_image&#8220; image_hovers=&#8220;false&#8220; el_class=&#8220;tab-main act-pic&#8220;][vc_single_image image=&#8220;253&#8243; img_size=&#8220;full&#8220; add_caption=&#8220;yes&#8220; alignment=&#8220;center&#8220; onclick=&#8220;link_image&#8220; image_hovers=&#8220;false&#8220; el_class=&#8220;tab-back&#8220;][vc_single_image image=&#8220;255&#8243; img_size=&#8220;full&#8220; add_caption=&#8220;yes&#8220; alignment=&#8220;center&#8220; onclick=&#8220;link_image&#8220; image_hovers=&#8220;false&#8220; el_class=&#8220;tab-tickets&#8220;][\/vc_column][\/vc_row]<\/p>\n<\/div>","protected":false},"excerpt":{"rendered":"<p>[vc_row gap=&#8220;15&#8243; el_class=&#8220;mytitle&#8220;][vc_column width=&#8220;2\/3&#8243;][vc_column_text] Adresa divadla Theatre Broadway Na P\u0159\u00edkop\u011b 31, Praha 1 Czech Republic Divadlo Broadway se nach\u00e1z\u00ed v pas\u00e1\u017ei Broadway, kter\u00e1 spojuje ulici Na P\u0159\u00edkop\u011b s ulic\u00ed Celetnou. Vstup do pas\u00e1\u017ee je mo\u017en\u00fd z obou stran, jak z ulice Na P\u0159\u00edkop\u011b (31) tak z ulice Celetn\u00e9 (38). Nejbli\u017e\u0161\u00ed zast\u00e1vka metra je N\u00e1m\u011bst\u00ed Republiky&hellip;<\/p>\n","protected":false},"author":4,"featured_media":0,"parent":0,"menu_order":12,"comment_status":"closed","ping_status":"closed","template":"","meta":{"_acf_changed":false,"footnotes":""},"class_list":["post-2080","page","type-page","status-publish","hentry","description-off"],"acf":[],"yoast_head":"<!-- This site is optimized with the Yoast SEO Premium plugin v25.6 (Yoast SEO v25.6) - https:\/\/yoast.com\/wordpress\/plugins\/seo\/ -->\n<title>Kontakt | WOW show<\/title>\n<meta name=\"robots\" content=\"index, follow, max-snippet:-1, max-image-preview:large, max-video-preview:-1\" \/>\n<link rel=\"canonical\" href=\"https:\/\/www.wow-show.com\/cs\/contact\/\" \/>\n<meta property=\"og:locale\" content=\"cs_CZ\" \/>\n<meta property=\"og:type\" content=\"article\" \/>\n<meta property=\"og:title\" content=\"Kontakt\" \/>\n<meta property=\"og:description\" content=\"[vc_row gap=&#8220;15&#8243; el_class=&#8220;mytitle&#8220;][vc_column width=&#8220;2\/3&#8243;][vc_column_text] Adresa divadla Theatre Broadway Na P\u0159\u00edkop\u011b 31, Praha 1 Czech Republic Divadlo Broadway se nach\u00e1z\u00ed v pas\u00e1\u017ei Broadway, kter\u00e1 spojuje ulici Na P\u0159\u00edkop\u011b s ulic\u00ed Celetnou. Vstup do pas\u00e1\u017ee je mo\u017en\u00fd z obou stran, jak z ulice Na P\u0159\u00edkop\u011b (31) tak z ulice Celetn\u00e9 (38). Nejbli\u017e\u0161\u00ed zast\u00e1vka metra je N\u00e1m\u011bst\u00ed Republiky&hellip;\" \/>\n<meta property=\"og:url\" content=\"https:\/\/www.wow-show.com\/cs\/contact\/\" \/>\n<meta property=\"og:site_name\" content=\"WOW show\" \/>\n<meta property=\"article:publisher\" content=\"https:\/\/www.facebook.com\/wowshowprague\" \/>\n<meta property=\"article:modified_time\" content=\"2020-02-17T21:24:32+00:00\" \/>\n<meta name=\"twitter:card\" content=\"summary_large_image\" \/>\n<meta name=\"twitter:label1\" content=\"Odhadovan\u00e1 doba \u010dten\u00ed\" \/>\n\t<meta name=\"twitter:data1\" content=\"2 minuty\" \/>\n<script type=\"application\/ld+json\" class=\"yoast-schema-graph\">{\"@context\":\"https:\/\/schema.org\",\"@graph\":[{\"@type\":\"WebPage\",\"@id\":\"https:\/\/www.wow-show.com\/cs\/contact\/\",\"url\":\"https:\/\/www.wow-show.com\/cs\/contact\/\",\"name\":\"Kontakt | WOW show\",\"isPartOf\":{\"@id\":\"https:\/\/www.wow-show.com\/cs\/#website\"},\"datePublished\":\"2019-11-11T12:26:10+00:00\",\"dateModified\":\"2020-02-17T21:24:32+00:00\",\"breadcrumb\":{\"@id\":\"https:\/\/www.wow-show.com\/cs\/contact\/#breadcrumb\"},\"inLanguage\":\"cs\",\"potentialAction\":[{\"@type\":\"ReadAction\",\"target\":[\"https:\/\/www.wow-show.com\/cs\/contact\/\"]}]},{\"@type\":\"BreadcrumbList\",\"@id\":\"https:\/\/www.wow-show.com\/cs\/contact\/#breadcrumb\",\"itemListElement\":[{\"@type\":\"ListItem\",\"position\":1,\"name\":\"Home\",\"item\":\"https:\/\/www.wow-show.com\/cs\/\"},{\"@type\":\"ListItem\",\"position\":2,\"name\":\"Kontakt\"}]},{\"@type\":\"WebSite\",\"@id\":\"https:\/\/www.wow-show.com\/cs\/#website\",\"url\":\"https:\/\/www.wow-show.com\/cs\/\",\"name\":\"WOW show\",\"description\":\"The best interactive show in Prague\",\"publisher\":{\"@id\":\"https:\/\/www.wow-show.com\/cs\/#\/schema\/person\/8748b86dc138b33cde9e87c488463a5b\"},\"potentialAction\":[{\"@type\":\"SearchAction\",\"target\":{\"@type\":\"EntryPoint\",\"urlTemplate\":\"https:\/\/www.wow-show.com\/cs\/?s={search_term_string}\"},\"query-input\":{\"@type\":\"PropertyValueSpecification\",\"valueRequired\":true,\"valueName\":\"search_term_string\"}}],\"inLanguage\":\"cs\"},{\"@type\":[\"Person\",\"Organization\"],\"@id\":\"https:\/\/www.wow-show.com\/cs\/#\/schema\/person\/8748b86dc138b33cde9e87c488463a5b\",\"name\":\"hanka\",\"image\":{\"@type\":\"ImageObject\",\"inLanguage\":\"cs\",\"@id\":\"https:\/\/www.wow-show.com\/cs\/#\/schema\/person\/image\/\",\"url\":\"https:\/\/www.wow-show.com\/wp-content\/uploads\/logo.png\",\"contentUrl\":\"https:\/\/www.wow-show.com\/wp-content\/uploads\/logo.png\",\"width\":250,\"height\":105,\"caption\":\"hanka\"},\"logo\":{\"@id\":\"https:\/\/www.wow-show.com\/cs\/#\/schema\/person\/image\/\"},\"sameAs\":[\"https:\/\/www.wow-show.com\/\",\"https:\/\/www.facebook.com\/wowshowprague\",\"https:\/\/www.instagram.com\/wowshowprague\/\"]}]}<\/script>\n<!-- \/ Yoast SEO Premium plugin. -->","yoast_head_json":{"title":"Kontakt | WOW show","robots":{"index":"index","follow":"follow","max-snippet":"max-snippet:-1","max-image-preview":"max-image-preview:large","max-video-preview":"max-video-preview:-1"},"canonical":"https:\/\/www.wow-show.com\/cs\/contact\/","og_locale":"cs_CZ","og_type":"article","og_title":"Kontakt","og_description":"[vc_row gap=&#8220;15&#8243; el_class=&#8220;mytitle&#8220;][vc_column width=&#8220;2\/3&#8243;][vc_column_text] Adresa divadla Theatre Broadway Na P\u0159\u00edkop\u011b 31, Praha 1 Czech Republic Divadlo Broadway se nach\u00e1z\u00ed v pas\u00e1\u017ei Broadway, kter\u00e1 spojuje ulici Na P\u0159\u00edkop\u011b s ulic\u00ed Celetnou. Vstup do pas\u00e1\u017ee je mo\u017en\u00fd z obou stran, jak z ulice Na P\u0159\u00edkop\u011b (31) tak z ulice Celetn\u00e9 (38). Nejbli\u017e\u0161\u00ed zast\u00e1vka metra je N\u00e1m\u011bst\u00ed Republiky&hellip;","og_url":"https:\/\/www.wow-show.com\/cs\/contact\/","og_site_name":"WOW show","article_publisher":"https:\/\/www.facebook.com\/wowshowprague","article_modified_time":"2020-02-17T21:24:32+00:00","twitter_card":"summary_large_image","twitter_misc":{"Odhadovan\u00e1 doba \u010dten\u00ed":"2 minuty"},"schema":{"@context":"https:\/\/schema.org","@graph":[{"@type":"WebPage","@id":"https:\/\/www.wow-show.com\/cs\/contact\/","url":"https:\/\/www.wow-show.com\/cs\/contact\/","name":"Kontakt | WOW show","isPartOf":{"@id":"https:\/\/www.wow-show.com\/cs\/#website"},"datePublished":"2019-11-11T12:26:10+00:00","dateModified":"2020-02-17T21:24:32+00:00","breadcrumb":{"@id":"https:\/\/www.wow-show.com\/cs\/contact\/#breadcrumb"},"inLanguage":"cs","potentialAction":[{"@type":"ReadAction","target":["https:\/\/www.wow-show.com\/cs\/contact\/"]}]},{"@type":"BreadcrumbList","@id":"https:\/\/www.wow-show.com\/cs\/contact\/#breadcrumb","itemListElement":[{"@type":"ListItem","position":1,"name":"Home","item":"https:\/\/www.wow-show.com\/cs\/"},{"@type":"ListItem","position":2,"name":"Kontakt"}]},{"@type":"WebSite","@id":"https:\/\/www.wow-show.com\/cs\/#website","url":"https:\/\/www.wow-show.com\/cs\/","name":"WOW show","description":"The best interactive show in Prague","publisher":{"@id":"https:\/\/www.wow-show.com\/cs\/#\/schema\/person\/8748b86dc138b33cde9e87c488463a5b"},"potentialAction":[{"@type":"SearchAction","target":{"@type":"EntryPoint","urlTemplate":"https:\/\/www.wow-show.com\/cs\/?s={search_term_string}"},"query-input":{"@type":"PropertyValueSpecification","valueRequired":true,"valueName":"search_term_string"}}],"inLanguage":"cs"},{"@type":["Person","Organization"],"@id":"https:\/\/www.wow-show.com\/cs\/#\/schema\/person\/8748b86dc138b33cde9e87c488463a5b","name":"hanka","image":{"@type":"ImageObject","inLanguage":"cs","@id":"https:\/\/www.wow-show.com\/cs\/#\/schema\/person\/image\/","url":"https:\/\/www.wow-show.com\/wp-content\/uploads\/logo.png","contentUrl":"https:\/\/www.wow-show.com\/wp-content\/uploads\/logo.png","width":250,"height":105,"caption":"hanka"},"logo":{"@id":"https:\/\/www.wow-show.com\/cs\/#\/schema\/person\/image\/"},"sameAs":["https:\/\/www.wow-show.com\/","https:\/\/www.facebook.com\/wowshowprague","https:\/\/www.instagram.com\/wowshowprague\/"]}]}},"_links":{"self":[{"href":"https:\/\/www.wow-show.com\/cs\/wp-json\/wp\/v2\/pages\/2080"}],"collection":[{"href":"https:\/\/www.wow-show.com\/cs\/wp-json\/wp\/v2\/pages"}],"about":[{"href":"https:\/\/www.wow-show.com\/cs\/wp-json\/wp\/v2\/types\/page"}],"author":[{"embeddable":true,"href":"https:\/\/www.wow-show.com\/cs\/wp-json\/wp\/v2\/users\/4"}],"replies":[{"embeddable":true,"href":"https:\/\/www.wow-show.com\/cs\/wp-json\/wp\/v2\/comments?post=2080"}],"version-history":[{"count":4,"href":"https:\/\/www.wow-show.com\/cs\/wp-json\/wp\/v2\/pages\/2080\/revisions"}],"predecessor-version":[{"id":3288,"href":"https:\/\/www.wow-show.com\/cs\/wp-json\/wp\/v2\/pages\/2080\/revisions\/3288"}],"wp:attachment":[{"href":"https:\/\/www.wow-show.com\/cs\/wp-json\/wp\/v2\/media?parent=2080"}],"curies":[{"name":"wp","href":"https:\/\/api.w.org\/{rel}","templated":true}]}}