{"id":2040,"date":"2019-11-11T13:23:37","date_gmt":"2019-11-11T12:23:37","guid":{"rendered":"https:\/\/www.wow-show.com\/about\/"},"modified":"2024-11-09T10:58:21","modified_gmt":"2024-11-09T09:58:21","slug":"about","status":"publish","type":"page","link":"https:\/\/www.wow-show.com\/cs\/the-story-of-wow\/about\/","title":{"rendered":"O nas"},"content":{"rendered":"<div class=\"wpb-content-wrapper\"><p>[vc_row gap=&#8220;15&#8243;][vc_column width=&#8220;2\/3&#8243;][vc_column_text]<\/p>\n<div class=\"flex max-w-full flex-col flex-grow\">\n<div class=\"min-h-8 text-message flex w-full flex-col items-end gap-2 whitespace-normal break-words [.text-message+&amp;]:mt-5\" dir=\"auto\" data-message-author-role=\"assistant\" data-message-id=\"bd04005b-a831-4fd4-9b81-402ce9dd1f72\" data-message-model-slug=\"gpt-4o\">\n<div class=\"flex w-full flex-col gap-1 empty:hidden first:pt-[3px]\">\n<div class=\"markdown prose w-full break-words dark:prose-invert light\">\n<p>U\u017e v\u00edce ne\u017e 20 let uchvacuje WOW Show Black Light Theatre div\u00e1ky p\u0159\u00edmo zde v Praze. Na\u0161e v\u00e1\u0161e\u0148 pro vystoupen\u00ed n\u00e1s zavedla i za hranice, kde jsme okouzlili publikum na Slovensku, v N\u011bmecku a Polsku\u2014a dokonce i na Malt\u011b, kde jsme m\u011bli tu \u010dest vystoupit pro maltsk\u00e9ho prezidenta. S na\u0161\u00ed jedine\u010dnou kombinac\u00ed 4D, interaktivn\u00edho, neverb\u00e1ln\u00edho \u010dern\u00e9ho divadla jsme se p\u0159edstavili tak\u00e9 v \u0158ecku, Kataru, Turecku, Ekv\u00e1doru, Rusku a Indii a sd\u00edleli jsme kouzlo po cel\u00e9m sv\u011bt\u011b.<\/p>\n<p>B\u011bhem \u010dty\u0159let\u00e9 \u00fasp\u011b\u0161n\u00e9 spolupr\u00e1ce s agenturou Czech Tourism jsme m\u011bli p\u0159\u00edle\u017eitost prezentovat na\u0161e divadlo na presti\u017en\u00edch veletrz\u00edch a expozic\u00edch po cel\u00e9m sv\u011bt\u011b. Na\u0161e p\u0159edstaven\u00ed jsou otev\u0159en\u00e1 \u0161irok\u00e9 ve\u0159ejnosti, ale z\u00e1rove\u0148 n\u00e1s \u010dasto oslovuj\u00ed firmy, kter\u00e9 cht\u011bj\u00ed na\u0161e vystoupen\u00ed pro sv\u00e9 soukrom\u00e9 nebo firemn\u00ed akce. A pro ty, kte\u0159\u00ed hledaj\u00ed n\u011bco interaktivn\u011bj\u0161\u00edho, nab\u00edz\u00edme tak\u00e9 workshopy, kter\u00e9 s nad\u0161en\u00edm realizujeme.<\/p>\n<p>D\u00edky \u00fasp\u011b\u0161n\u00e9 spolupr\u00e1ci se zn\u00e1m\u00fdmi zna\u010dkami, jako jsou Nespresso a Toyota, a bohat\u00fdm zku\u0161enostem s priv\u00e1tn\u00edmi akcemi po cel\u00e9 \u010cesk\u00e9 republice, je WOW Show Black Light Theatre tou nejlep\u0161\u00ed volbou pro vytvo\u0159en\u00ed nezapomenuteln\u00e9ho z\u00e1\u017eitku. P\u0159ij\u010fte n\u00e1s nav\u0161t\u00edvit do na\u0161eho divadla v Praze, nebo si n\u00e1s pozv\u011bte na svou akci\u2014kdekoliv se nach\u00e1z\u00edte, jsme p\u0159ipraveni v\u00e1\u0161 ve\u010der pov\u00fd\u0161it na jedine\u010dn\u00fd z\u00e1\u017eitek!<\/p>\n<\/div>\n<\/div>\n<\/div>\n<\/div>\n<p>[\/vc_column_text][\/vc_column][vc_column width=&#8220;1\/3&#8243;][vc_wp_custommenu nav_menu=&#8220;4&#8243;][\/vc_column][\/vc_row]<\/p>\n<\/div>","protected":false},"excerpt":{"rendered":"<p>[vc_row gap=&#8220;15&#8243;][vc_column width=&#8220;2\/3&#8243;][vc_column_text] U\u017e v\u00edce ne\u017e 20 let uchvacuje WOW Show Black Light Theatre div\u00e1ky p\u0159\u00edmo zde v Praze. Na\u0161e v\u00e1\u0161e\u0148 pro vystoupen\u00ed n\u00e1s zavedla i za hranice, kde jsme okouzlili publikum na Slovensku, v N\u011bmecku a Polsku\u2014a dokonce i na Malt\u011b, kde jsme m\u011bli tu \u010dest vystoupit pro maltsk\u00e9ho prezidenta. S na\u0161\u00ed jedine\u010dnou kombinac\u00ed&hellip;<\/p>\n","protected":false},"author":4,"featured_media":0,"parent":2104,"menu_order":7,"comment_status":"closed","ping_status":"closed","template":"","meta":{"_acf_changed":false,"footnotes":""},"class_list":["post-2040","page","type-page","status-publish","hentry","description-off"],"acf":[],"yoast_head":"<!-- This site is optimized with the Yoast SEO Premium plugin v25.6 (Yoast SEO v25.6) - https:\/\/yoast.com\/wordpress\/plugins\/seo\/ -->\n<title>O nas | WOW show<\/title>\n<meta name=\"robots\" content=\"index, follow, max-snippet:-1, max-image-preview:large, max-video-preview:-1\" \/>\n<link rel=\"canonical\" href=\"https:\/\/www.wow-show.com\/cs\/the-story-of-wow\/about\/\" \/>\n<meta property=\"og:locale\" content=\"cs_CZ\" \/>\n<meta property=\"og:type\" content=\"article\" \/>\n<meta property=\"og:title\" content=\"O nas\" \/>\n<meta property=\"og:description\" content=\"[vc_row gap=&#8220;15&#8243;][vc_column width=&#8220;2\/3&#8243;][vc_column_text] U\u017e v\u00edce ne\u017e 20 let uchvacuje WOW Show Black Light Theatre div\u00e1ky p\u0159\u00edmo zde v Praze. Na\u0161e v\u00e1\u0161e\u0148 pro vystoupen\u00ed n\u00e1s zavedla i za hranice, kde jsme okouzlili publikum na Slovensku, v N\u011bmecku a Polsku\u2014a dokonce i na Malt\u011b, kde jsme m\u011bli tu \u010dest vystoupit pro maltsk\u00e9ho prezidenta. S na\u0161\u00ed jedine\u010dnou kombinac\u00ed&hellip;\" \/>\n<meta property=\"og:url\" content=\"https:\/\/www.wow-show.com\/cs\/the-story-of-wow\/about\/\" \/>\n<meta property=\"og:site_name\" content=\"WOW show\" \/>\n<meta property=\"article:publisher\" content=\"https:\/\/www.facebook.com\/wowshowprague\" \/>\n<meta property=\"article:modified_time\" content=\"2024-11-09T09:58:21+00:00\" \/>\n<meta name=\"twitter:card\" content=\"summary_large_image\" \/>\n<meta name=\"twitter:label1\" content=\"Odhadovan\u00e1 doba \u010dten\u00ed\" \/>\n\t<meta name=\"twitter:data1\" content=\"2 minuty\" \/>\n<script type=\"application\/ld+json\" class=\"yoast-schema-graph\">{\"@context\":\"https:\/\/schema.org\",\"@graph\":[{\"@type\":\"WebPage\",\"@id\":\"https:\/\/www.wow-show.com\/cs\/the-story-of-wow\/about\/\",\"url\":\"https:\/\/www.wow-show.com\/cs\/the-story-of-wow\/about\/\",\"name\":\"O nas | WOW show\",\"isPartOf\":{\"@id\":\"https:\/\/www.wow-show.com\/cs\/#website\"},\"datePublished\":\"2019-11-11T12:23:37+00:00\",\"dateModified\":\"2024-11-09T09:58:21+00:00\",\"breadcrumb\":{\"@id\":\"https:\/\/www.wow-show.com\/cs\/the-story-of-wow\/about\/#breadcrumb\"},\"inLanguage\":\"cs\",\"potentialAction\":[{\"@type\":\"ReadAction\",\"target\":[\"https:\/\/www.wow-show.com\/cs\/the-story-of-wow\/about\/\"]}]},{\"@type\":\"BreadcrumbList\",\"@id\":\"https:\/\/www.wow-show.com\/cs\/the-story-of-wow\/about\/#breadcrumb\",\"itemListElement\":[{\"@type\":\"ListItem\",\"position\":1,\"name\":\"Home\",\"item\":\"https:\/\/www.wow-show.com\/cs\/\"},{\"@type\":\"ListItem\",\"position\":2,\"name\":\"P\u0159\u00edb\u011bh WOW\",\"item\":\"https:\/\/www.wow-show.com\/cs\/the-story-of-wow\/\"},{\"@type\":\"ListItem\",\"position\":3,\"name\":\"O nas\"}]},{\"@type\":\"WebSite\",\"@id\":\"https:\/\/www.wow-show.com\/cs\/#website\",\"url\":\"https:\/\/www.wow-show.com\/cs\/\",\"name\":\"WOW show\",\"description\":\"The best interactive show in Prague\",\"publisher\":{\"@id\":\"https:\/\/www.wow-show.com\/cs\/#\/schema\/person\/8748b86dc138b33cde9e87c488463a5b\"},\"potentialAction\":[{\"@type\":\"SearchAction\",\"target\":{\"@type\":\"EntryPoint\",\"urlTemplate\":\"https:\/\/www.wow-show.com\/cs\/?s={search_term_string}\"},\"query-input\":{\"@type\":\"PropertyValueSpecification\",\"valueRequired\":true,\"valueName\":\"search_term_string\"}}],\"inLanguage\":\"cs\"},{\"@type\":[\"Person\",\"Organization\"],\"@id\":\"https:\/\/www.wow-show.com\/cs\/#\/schema\/person\/8748b86dc138b33cde9e87c488463a5b\",\"name\":\"hanka\",\"image\":{\"@type\":\"ImageObject\",\"inLanguage\":\"cs\",\"@id\":\"https:\/\/www.wow-show.com\/cs\/#\/schema\/person\/image\/\",\"url\":\"https:\/\/www.wow-show.com\/wp-content\/uploads\/logo.png\",\"contentUrl\":\"https:\/\/www.wow-show.com\/wp-content\/uploads\/logo.png\",\"width\":250,\"height\":105,\"caption\":\"hanka\"},\"logo\":{\"@id\":\"https:\/\/www.wow-show.com\/cs\/#\/schema\/person\/image\/\"},\"sameAs\":[\"https:\/\/www.wow-show.com\/\",\"https:\/\/www.facebook.com\/wowshowprague\",\"https:\/\/www.instagram.com\/wowshowprague\/\"]}]}<\/script>\n<!-- \/ Yoast SEO Premium plugin. -->","yoast_head_json":{"title":"O nas | WOW show","robots":{"index":"index","follow":"follow","max-snippet":"max-snippet:-1","max-image-preview":"max-image-preview:large","max-video-preview":"max-video-preview:-1"},"canonical":"https:\/\/www.wow-show.com\/cs\/the-story-of-wow\/about\/","og_locale":"cs_CZ","og_type":"article","og_title":"O nas","og_description":"[vc_row gap=&#8220;15&#8243;][vc_column width=&#8220;2\/3&#8243;][vc_column_text] U\u017e v\u00edce ne\u017e 20 let uchvacuje WOW Show Black Light Theatre div\u00e1ky p\u0159\u00edmo zde v Praze. Na\u0161e v\u00e1\u0161e\u0148 pro vystoupen\u00ed n\u00e1s zavedla i za hranice, kde jsme okouzlili publikum na Slovensku, v N\u011bmecku a Polsku\u2014a dokonce i na Malt\u011b, kde jsme m\u011bli tu \u010dest vystoupit pro maltsk\u00e9ho prezidenta. S na\u0161\u00ed jedine\u010dnou kombinac\u00ed&hellip;","og_url":"https:\/\/www.wow-show.com\/cs\/the-story-of-wow\/about\/","og_site_name":"WOW show","article_publisher":"https:\/\/www.facebook.com\/wowshowprague","article_modified_time":"2024-11-09T09:58:21+00:00","twitter_card":"summary_large_image","twitter_misc":{"Odhadovan\u00e1 doba \u010dten\u00ed":"2 minuty"},"schema":{"@context":"https:\/\/schema.org","@graph":[{"@type":"WebPage","@id":"https:\/\/www.wow-show.com\/cs\/the-story-of-wow\/about\/","url":"https:\/\/www.wow-show.com\/cs\/the-story-of-wow\/about\/","name":"O nas | WOW show","isPartOf":{"@id":"https:\/\/www.wow-show.com\/cs\/#website"},"datePublished":"2019-11-11T12:23:37+00:00","dateModified":"2024-11-09T09:58:21+00:00","breadcrumb":{"@id":"https:\/\/www.wow-show.com\/cs\/the-story-of-wow\/about\/#breadcrumb"},"inLanguage":"cs","potentialAction":[{"@type":"ReadAction","target":["https:\/\/www.wow-show.com\/cs\/the-story-of-wow\/about\/"]}]},{"@type":"BreadcrumbList","@id":"https:\/\/www.wow-show.com\/cs\/the-story-of-wow\/about\/#breadcrumb","itemListElement":[{"@type":"ListItem","position":1,"name":"Home","item":"https:\/\/www.wow-show.com\/cs\/"},{"@type":"ListItem","position":2,"name":"P\u0159\u00edb\u011bh WOW","item":"https:\/\/www.wow-show.com\/cs\/the-story-of-wow\/"},{"@type":"ListItem","position":3,"name":"O nas"}]},{"@type":"WebSite","@id":"https:\/\/www.wow-show.com\/cs\/#website","url":"https:\/\/www.wow-show.com\/cs\/","name":"WOW show","description":"The best interactive show in Prague","publisher":{"@id":"https:\/\/www.wow-show.com\/cs\/#\/schema\/person\/8748b86dc138b33cde9e87c488463a5b"},"potentialAction":[{"@type":"SearchAction","target":{"@type":"EntryPoint","urlTemplate":"https:\/\/www.wow-show.com\/cs\/?s={search_term_string}"},"query-input":{"@type":"PropertyValueSpecification","valueRequired":true,"valueName":"search_term_string"}}],"inLanguage":"cs"},{"@type":["Person","Organization"],"@id":"https:\/\/www.wow-show.com\/cs\/#\/schema\/person\/8748b86dc138b33cde9e87c488463a5b","name":"hanka","image":{"@type":"ImageObject","inLanguage":"cs","@id":"https:\/\/www.wow-show.com\/cs\/#\/schema\/person\/image\/","url":"https:\/\/www.wow-show.com\/wp-content\/uploads\/logo.png","contentUrl":"https:\/\/www.wow-show.com\/wp-content\/uploads\/logo.png","width":250,"height":105,"caption":"hanka"},"logo":{"@id":"https:\/\/www.wow-show.com\/cs\/#\/schema\/person\/image\/"},"sameAs":["https:\/\/www.wow-show.com\/","https:\/\/www.facebook.com\/wowshowprague","https:\/\/www.instagram.com\/wowshowprague\/"]}]}},"_links":{"self":[{"href":"https:\/\/www.wow-show.com\/cs\/wp-json\/wp\/v2\/pages\/2040"}],"collection":[{"href":"https:\/\/www.wow-show.com\/cs\/wp-json\/wp\/v2\/pages"}],"about":[{"href":"https:\/\/www.wow-show.com\/cs\/wp-json\/wp\/v2\/types\/page"}],"author":[{"embeddable":true,"href":"https:\/\/www.wow-show.com\/cs\/wp-json\/wp\/v2\/users\/4"}],"replies":[{"embeddable":true,"href":"https:\/\/www.wow-show.com\/cs\/wp-json\/wp\/v2\/comments?post=2040"}],"version-history":[{"count":3,"href":"https:\/\/www.wow-show.com\/cs\/wp-json\/wp\/v2\/pages\/2040\/revisions"}],"predecessor-version":[{"id":4393,"href":"https:\/\/www.wow-show.com\/cs\/wp-json\/wp\/v2\/pages\/2040\/revisions\/4393"}],"up":[{"embeddable":true,"href":"https:\/\/www.wow-show.com\/cs\/wp-json\/wp\/v2\/pages\/2104"}],"wp:attachment":[{"href":"https:\/\/www.wow-show.com\/cs\/wp-json\/wp\/v2\/media?parent=2040"}],"curies":[{"name":"wp","href":"https:\/\/api.w.org\/{rel}","templated":true}]}}